{"id":701,"date":"2025-11-06T16:17:20","date_gmt":"2025-11-06T21:17:20","guid":{"rendered":"https:\/\/auxtrouvaillesdemandeville.org\/?page_id=701"},"modified":"2026-01-03T20:13:09","modified_gmt":"2026-01-04T01:13:09","slug":"les-activites","status":"publish","type":"page","link":"https:\/\/auxtrouvaillesdemandeville.org\/?page_id=701","title":{"rendered":"Les Ateliers"},"content":{"rendered":"\t\t<div data-elementor-type=\"wp-page\" data-elementor-id=\"701\" class=\"elementor elementor-701\">\n\t\t\t\t<div class=\"elementor-element elementor-element-de24f9e e-flex e-con-boxed e-con e-parent\" data-id=\"de24f9e\" data-element_type=\"container\" data-e-type=\"container\">\n\t\t\t\t\t<div class=\"e-con-inner\">\n\t\t\t\t<div class=\"elementor-element elementor-element-dadf330 elementor-invisible elementor-widget elementor-widget-heading\" data-id=\"dadf330\" data-element_type=\"widget\" data-e-type=\"widget\" data-settings=\"{&quot;_animation&quot;:&quot;fadeInUp&quot;}\" data-widget_type=\"heading.default\">\n\t\t\t\t\t<h2 class=\"elementor-heading-title elementor-size-default\">Les Ateliers<\/h2>\t\t\t\t<\/div>\n\t\t\t\t<div class=\"elementor-element elementor-element-644c902 elementor-invisible elementor-widget elementor-widget-text-editor\" data-id=\"644c902\" data-element_type=\"widget\" data-e-type=\"widget\" data-settings=\"{&quot;_animation&quot;:&quot;fadeInUp&quot;}\" data-widget_type=\"text-editor.default\">\n\t\t\t\t\t\t\t\t\t<p>Aux Trouvailles de Mandeville offre un espace de rencontres et d&rsquo;apprentissages \u00e0 travers divers ateliers : artisanat, projections, sorties, r\u00e9flexions, etc. Le calendrier des ateliers est disponible \u00e0 l&rsquo;organisme en version papier, sur notre page Facebook ainsi que sur ce lien: <a style=\"text-decoration: underline;\" href=\"https:\/\/auxtrouvaillesdemandeville.org\/?page_id=2226\">Calendrier des Ateliers et Activit\u00e9s<\/a>.<\/p>\t\t\t\t\t\t\t\t<\/div>\n\t\t\t\t\t<\/div>\n\t\t\t\t<\/div>\n\t\t<div class=\"elementor-element elementor-element-c305927 e-grid e-con-boxed e-con e-parent\" data-id=\"c305927\" data-element_type=\"container\" data-e-type=\"container\" data-settings=\"{&quot;background_background&quot;:&quot;classic&quot;}\">\n\t\t\t\t\t<div class=\"e-con-inner\">\n\t\t\t\t<div class=\"elementor-element elementor-element-7b21b67 image-border-custom elementor-invisible elementor-widget elementor-widget-image\" data-id=\"7b21b67\" data-element_type=\"widget\" data-e-type=\"widget\" data-settings=\"{&quot;_animation&quot;:&quot;zoomIn&quot;}\" data-widget_type=\"image.default\">\n\t\t\t\t\t\t\t\t\t\t\t\t\t\t\t<img fetchpriority=\"high\" decoding=\"async\" width=\"1058\" height=\"1411\" src=\"https:\/\/auxtrouvaillesdemandeville.org\/wp-content\/uploads\/2026\/01\/atelier-peinture-2-3-4.jpg\" class=\"attachment-full size-full wp-image-2591\" alt=\"\" srcset=\"https:\/\/auxtrouvaillesdemandeville.org\/wp-content\/uploads\/2026\/01\/atelier-peinture-2-3-4.jpg 1058w, https:\/\/auxtrouvaillesdemandeville.org\/wp-content\/uploads\/2026\/01\/atelier-peinture-2-3-4-225x300.jpg 225w, https:\/\/auxtrouvaillesdemandeville.org\/wp-content\/uploads\/2026\/01\/atelier-peinture-2-3-4-768x1024.jpg 768w\" sizes=\"(max-width: 1058px) 100vw, 1058px\" \/>\t\t\t\t\t\t\t\t\t\t\t\t\t\t\t<\/div>\n\t\t\t\t<div class=\"elementor-element elementor-element-b2bc89e image-border-custom elementor-invisible elementor-widget elementor-widget-image\" data-id=\"b2bc89e\" data-element_type=\"widget\" data-e-type=\"widget\" data-settings=\"{&quot;_animation&quot;:&quot;zoomIn&quot;}\" data-widget_type=\"image.default\">\n\t\t\t\t\t\t\t\t\t\t\t\t\t\t\t<img decoding=\"async\" width=\"1920\" height=\"2560\" src=\"https:\/\/auxtrouvaillesdemandeville.org\/wp-content\/uploads\/2025\/10\/atelier-semis-scaled-e1761854996989.jpg\" class=\"attachment-full size-full wp-image-232\" alt=\"\" srcset=\"https:\/\/auxtrouvaillesdemandeville.org\/wp-content\/uploads\/2025\/10\/atelier-semis-scaled-e1761854996989.jpg 1920w, https:\/\/auxtrouvaillesdemandeville.org\/wp-content\/uploads\/2025\/10\/atelier-semis-scaled-e1761854996989-225x300.jpg 225w, https:\/\/auxtrouvaillesdemandeville.org\/wp-content\/uploads\/2025\/10\/atelier-semis-scaled-e1761854996989-768x1024.jpg 768w, https:\/\/auxtrouvaillesdemandeville.org\/wp-content\/uploads\/2025\/10\/atelier-semis-scaled-e1761854996989-1152x1536.jpg 1152w, https:\/\/auxtrouvaillesdemandeville.org\/wp-content\/uploads\/2025\/10\/atelier-semis-scaled-e1761854996989-1536x2048.jpg 1536w\" sizes=\"(max-width: 1920px) 100vw, 1920px\" \/>\t\t\t\t\t\t\t\t\t\t\t\t\t\t\t<\/div>\n\t\t\t\t<div class=\"elementor-element elementor-element-a9fef7b image-border-custom elementor-invisible elementor-widget elementor-widget-image\" data-id=\"a9fef7b\" data-element_type=\"widget\" data-e-type=\"widget\" data-settings=\"{&quot;_animation&quot;:&quot;zoomIn&quot;}\" data-widget_type=\"image.default\">\n\t\t\t\t\t\t\t\t\t\t\t\t\t\t\t<img decoding=\"async\" width=\"1922\" height=\"2560\" src=\"https:\/\/auxtrouvaillesdemandeville.org\/wp-content\/uploads\/2026\/01\/IMG_20250320_171804-scaled.jpg\" class=\"attachment-full size-full wp-image-2565\" alt=\"\" srcset=\"https:\/\/auxtrouvaillesdemandeville.org\/wp-content\/uploads\/2026\/01\/IMG_20250320_171804-scaled.jpg 1922w, https:\/\/auxtrouvaillesdemandeville.org\/wp-content\/uploads\/2026\/01\/IMG_20250320_171804-225x300.jpg 225w, https:\/\/auxtrouvaillesdemandeville.org\/wp-content\/uploads\/2026\/01\/IMG_20250320_171804-769x1024.jpg 769w, https:\/\/auxtrouvaillesdemandeville.org\/wp-content\/uploads\/2026\/01\/IMG_20250320_171804-768x1023.jpg 768w, https:\/\/auxtrouvaillesdemandeville.org\/wp-content\/uploads\/2026\/01\/IMG_20250320_171804-1153x1536.jpg 1153w, https:\/\/auxtrouvaillesdemandeville.org\/wp-content\/uploads\/2026\/01\/IMG_20250320_171804-1538x2048.jpg 1538w\" sizes=\"(max-width: 1922px) 100vw, 1922px\" \/>\t\t\t\t\t\t\t\t\t\t\t\t\t\t\t<\/div>\n\t\t\t\t\t<\/div>\n\t\t\t\t<\/div>\n\t\t\t\t<\/div>\n\t\t","protected":false},"excerpt":{"rendered":"<p>Les Ateliers Aux Trouvailles de Mandeville offre un espace de rencontres et d&rsquo;apprentissages \u00e0 travers divers ateliers : artisanat, projections, sorties, r\u00e9flexions, etc. Le calendrier des ateliers est disponible \u00e0 l&rsquo;organisme en version papier, sur notre page Facebook ainsi que sur ce lien: Calendrier des Ateliers et Activit\u00e9s.<\/p>\n","protected":false},"author":2,"featured_media":0,"parent":0,"menu_order":0,"comment_status":"closed","ping_status":"closed","template":"","meta":{"footnotes":""},"class_list":["post-701","page","type-page","status-publish","hentry"],"_links":{"self":[{"href":"https:\/\/auxtrouvaillesdemandeville.org\/index.php?rest_route=\/wp\/v2\/pages\/701","targetHints":{"allow":["GET"]}}],"collection":[{"href":"https:\/\/auxtrouvaillesdemandeville.org\/index.php?rest_route=\/wp\/v2\/pages"}],"about":[{"href":"https:\/\/auxtrouvaillesdemandeville.org\/index.php?rest_route=\/wp\/v2\/types\/page"}],"author":[{"embeddable":true,"href":"https:\/\/auxtrouvaillesdemandeville.org\/index.php?rest_route=\/wp\/v2\/users\/2"}],"replies":[{"embeddable":true,"href":"https:\/\/auxtrouvaillesdemandeville.org\/index.php?rest_route=%2Fwp%2Fv2%2Fcomments&post=701"}],"version-history":[{"count":73,"href":"https:\/\/auxtrouvaillesdemandeville.org\/index.php?rest_route=\/wp\/v2\/pages\/701\/revisions"}],"predecessor-version":[{"id":3613,"href":"https:\/\/auxtrouvaillesdemandeville.org\/index.php?rest_route=\/wp\/v2\/pages\/701\/revisions\/3613"}],"wp:attachment":[{"href":"https:\/\/auxtrouvaillesdemandeville.org\/index.php?rest_route=%2Fwp%2Fv2%2Fmedia&parent=701"}],"curies":[{"name":"wp","href":"https:\/\/api.w.org\/{rel}","templated":true}]}}