{"id":682,"date":"2025-11-06T15:55:44","date_gmt":"2025-11-06T20:55:44","guid":{"rendered":"https:\/\/auxtrouvaillesdemandeville.org\/?page_id=682"},"modified":"2026-01-03T17:36:28","modified_gmt":"2026-01-03T22:36:28","slug":"le-jardin-communautaire","status":"publish","type":"page","link":"https:\/\/auxtrouvaillesdemandeville.org\/?page_id=682","title":{"rendered":"C\u00f4t\u00e9 Jardin"},"content":{"rendered":"\t\t<div data-elementor-type=\"wp-page\" data-elementor-id=\"682\" class=\"elementor elementor-682\">\n\t\t\t\t<div class=\"elementor-element elementor-element-80db5a1 e-flex e-con-boxed e-con e-parent\" data-id=\"80db5a1\" data-element_type=\"container\" data-e-type=\"container\">\n\t\t\t\t\t<div class=\"e-con-inner\">\n\t\t\t\t<div class=\"elementor-element elementor-element-31f3b9c elementor-invisible elementor-widget elementor-widget-heading\" data-id=\"31f3b9c\" data-element_type=\"widget\" data-e-type=\"widget\" data-settings=\"{&quot;_animation&quot;:&quot;fadeInUp&quot;}\" data-widget_type=\"heading.default\">\n\t\t\t\t\t<h2 class=\"elementor-heading-title elementor-size-default\">C\u00f4t\u00e9 Jardin<\/h2>\t\t\t\t<\/div>\n\t\t\t\t<div class=\"elementor-element elementor-element-c5043b8 elementor-invisible elementor-widget elementor-widget-text-editor\" data-id=\"c5043b8\" data-element_type=\"widget\" data-e-type=\"widget\" data-settings=\"{&quot;_animation&quot;:&quot;fadeInUp&quot;}\" data-widget_type=\"text-editor.default\">\n\t\t\t\t\t\t\t\t\tVenez profiter d\u2019un espace ext\u00e9rieur convivial o\u00f9 la nature est \u00e0 port\u00e9e de main! Notre organisme offre des bacs de jardinage accessibles \u00e0 tous, pour cultiver des l\u00e9gumes, des fines herbes et des fleurs en toute simplicit\u00e9. En plus de jardiner, participez \u00e0 nos ateliers de semis et \u00e0 diverses activit\u00e9s de jardinage pour apprendre, \u00e9changer et partager le plaisir de faire pousser ensemble. Que vous soyez d\u00e9butant ou passionn\u00e9, notre jardin est un lieu d\u2019inspiration et de rencontres. Rejoignez-nous et semons le bonheur, une plante \u00e0 la fois!\t\t\t\t\t\t\t\t<\/div>\n\t\t\t\t\t<\/div>\n\t\t\t\t<\/div>\n\t\t<div class=\"elementor-element elementor-element-e70379f e-grid e-con-boxed e-con e-parent\" data-id=\"e70379f\" data-element_type=\"container\" data-e-type=\"container\" data-settings=\"{&quot;background_background&quot;:&quot;classic&quot;}\">\n\t\t\t\t\t<div class=\"e-con-inner\">\n\t\t\t\t<div class=\"elementor-element elementor-element-acdd205 elementor-invisible elementor-widget elementor-widget-html\" data-id=\"acdd205\" data-element_type=\"widget\" data-e-type=\"widget\" data-settings=\"{&quot;_animation&quot;:&quot;zoomIn&quot;}\" data-widget_type=\"html.default\">\n\t\t\t\t\t<style>\n    .carousel-container {\n    max-width: 1000px;\n    position: relative;\n    margin: auto;\n    overflow: hidden; \/* Ensures images don't overflow during transition *\/\n}\n\n.carousel-slide img {\n    \/*width: 100%;*\/\n    display: block;\n    aspect-ratio: 4 \/ 3;\n    width: 600px;\n}\n\n\/* Hide the slides by default *\/\n.carousel-slide1 {\n    display: none;\n}\n.carousel-slide2 {\n    display: none;\n}\n.carousel-slide3 {\n    display: none;\n}\n\n\/* Fade animation *\/\n.fade {\n    animation-name: fade;\n    animation-duration: 1.5s;\n}\n\n@keyframes fade {\n    from {opacity: .4}\n    to {opacity: 1}\n}\n<\/style>\n\n<div class=\"carousel-container\">\n    <div class=\"carousel-slide carousel-slide1 fade image-border-custom\">\n        <img decoding=\"async\" src=\"https:\/\/auxtrouvaillesdemandeville.org\/wp-content\/uploads\/2026\/01\/IMG_20250612_175227-scaled.jpg\" alt=\"Photo du camion avec des denr\u00e9es alimentaires 1\">\n    <\/div>\n    <div class=\"carousel-slide carousel-slide1 fade image-border-custom\">\n        <img decoding=\"async\" src=\"https:\/\/auxtrouvaillesdemandeville.org\/wp-content\/uploads\/2026\/01\/IMG_20250612_175345-scaled.jpg\" alt=\"Photo du camion avec des denr\u00e9es alimentaires 2\">\n    <\/div>\n    <div class=\"carousel-slide carousel-slide1 fade image-border-custom\">\n        <img decoding=\"async\" src=\"https:\/\/auxtrouvaillesdemandeville.org\/wp-content\/uploads\/2026\/01\/IMG_20250622_153718-scaled.jpg\" alt=\"Photo du camion avec des denr\u00e9es alimentaires 3\">\n        \n    <\/div>\n    <div class=\"carousel-slide carousel-slide1 fade image-border-custom\">\n        <img decoding=\"async\" src=\"https:\/\/auxtrouvaillesdemandeville.org\/wp-content\/uploads\/2026\/01\/IMG_20250719_151704-scaled.jpg\" alt=\"Photo du camion avec des denr\u00e9es alimentaires 4\">\n    <\/div>\n<\/div>\n\n<script>\n    let slideIndex1 = 0;\nshowSlides1();\n\nfunction showSlides1() {\n    let i;\n    let slides = document.getElementsByClassName(\"carousel-slide1\");\n    \/\/let dots = document.getElementsByClassName(\"dot\");\n\n    \/\/ Hide all slides\n    for (i = 0; i < slides.length; i++) {\n        slides[i].style.display = \"none\";\n    }\n\n    \/\/ Increment index and loop back if needed\n    slideIndex1++;\n    if (slideIndex1 > slides.length) {slideIndex1 = 1}\n\n    \/\/ Remove 'active' class from all dots\n    \/\/for (i = 0; i < dots.length; i++) {\n    \/\/    dots[i].className = dots[i].className\/\/.replace(\" active\", \"\");\n    \/\/}\n\n    \/\/ Display the current slide and mark the corresponding dot as active\n    slides[slideIndex1-1].style.display = \"block\";\n    \/\/dots[slideIndex-1].className += \" active\";\n\n    \/\/ Change image every 3 seconds (3000ms)\n    setTimeout(showSlides1, 5000);\n}\n<\/script>\t\t\t\t<\/div>\n\t\t\t\t<div class=\"elementor-element elementor-element-ae144be elementor-invisible elementor-widget elementor-widget-html\" data-id=\"ae144be\" data-element_type=\"widget\" data-e-type=\"widget\" data-settings=\"{&quot;_animation&quot;:&quot;zoomIn&quot;}\" data-widget_type=\"html.default\">\n\t\t\t\t\t<div class=\"carousel-container\">\n    <div class=\"carousel-slide carousel-slide2 fade image-border-custom\">\n        <img decoding=\"async\" src=\"https:\/\/auxtrouvaillesdemandeville.org\/wp-content\/uploads\/2026\/01\/IMG_20250612_175310-scaled.jpg\" alt=\"Photo du camion avec des denr\u00e9es alimentaires 1\">\n    <\/div>\n    <div class=\"carousel-slide carousel-slide2 fade image-border-custom\">\n        <img decoding=\"async\" src=\"https:\/\/auxtrouvaillesdemandeville.org\/wp-content\/uploads\/2026\/01\/IMG_20250615_161150-scaled.jpg\" alt=\"Photo du camion avec des denr\u00e9es alimentaires 2\">\n    <\/div>\n    <div class=\"carousel-slide carousel-slide2 fade image-border-custom\">\n        <img decoding=\"async\" src=\"https:\/\/auxtrouvaillesdemandeville.org\/wp-content\/uploads\/2026\/01\/IMG_20250701_104435-scaled.jpg\" alt=\"Photo du camion avec des denr\u00e9es alimentaires 3\">\n        \n    <\/div>\n    <div class=\"carousel-slide carousel-slide2 fade image-border-custom\">\n        <img decoding=\"async\" src=\"https:\/\/auxtrouvaillesdemandeville.org\/wp-content\/uploads\/2026\/01\/IMG_20250810_155048-scaled-e1767301980951.jpg\" alt=\"Photo du camion avec des denr\u00e9es alimentaires 4\">\n    <\/div>\n<\/div>\n\n<script>\n    let slideIndex2 = 0;\nshowSlides2();\n\nfunction showSlides2() {\n    let i;\n    let slides = document.getElementsByClassName(\"carousel-slide2\");\n    \/\/let dots = document.getElementsByClassName(\"dot\");\n\n    \/\/ Hide all slides\n    for (i = 0; i < slides.length; i++) {\n        slides[i].style.display = \"none\";\n    }\n\n    \/\/ Increment index and loop back if needed\n    slideIndex2++;\n    if (slideIndex2 > slides.length) {slideIndex2 = 1}\n\n    \/\/ Remove 'active' class from all dots\n    \/\/for (i = 0; i < dots.length; i++) {\n    \/\/    dots[i].className = dots[i].className\/\/.replace(\" active\", \"\");\n    \/\/}\n\n    \/\/ Display the current slide and mark the corresponding dot as active\n    slides[slideIndex2-1].style.display = \"block\";\n    \/\/dots[slideIndex-1].className += \" active\";\n\n    \/\/ Change image every 3 seconds (3000ms)\n    setTimeout(showSlides2, 5000);\n}\n<\/script>\t\t\t\t<\/div>\n\t\t\t\t<div class=\"elementor-element elementor-element-2b56c57 elementor-invisible elementor-widget elementor-widget-html\" data-id=\"2b56c57\" data-element_type=\"widget\" data-e-type=\"widget\" data-settings=\"{&quot;_animation&quot;:&quot;zoomIn&quot;}\" data-widget_type=\"html.default\">\n\t\t\t\t\t<div class=\"carousel-container\">\n    <div class=\"carousel-slide carousel-slide3 fade image-border-custom\">\n        <img decoding=\"async\" src=\"https:\/\/auxtrouvaillesdemandeville.org\/wp-content\/uploads\/2026\/01\/IMG_20250612_175356-scaled.jpg\" alt=\"Photo du camion avec des denr\u00e9es alimentaires 1\">\n    <\/div>\n    <div class=\"carousel-slide carousel-slide3 fade image-border-custom\">\n        <img decoding=\"async\" src=\"https:\/\/auxtrouvaillesdemandeville.org\/wp-content\/uploads\/2026\/01\/IMG_20250622_153709-scaled.jpg\" alt=\"Photo du camion avec des denr\u00e9es alimentaires 2\">\n    <\/div>\n    <div class=\"carousel-slide carousel-slide3 fade image-border-custom\">\n        <img decoding=\"async\" src=\"https:\/\/auxtrouvaillesdemandeville.org\/wp-content\/uploads\/2026\/01\/IMG_20250712_154344-scaled.jpg\" alt=\"Photo du camion avec des denr\u00e9es alimentaires 3\">\n        \n    <\/div>\n    <div class=\"carousel-slide carousel-slide3 fade image-border-custom\">\n        <img decoding=\"async\" src=\"https:\/\/auxtrouvaillesdemandeville.org\/wp-content\/uploads\/2026\/01\/IMG_20250810_155331-scaled.jpg\" alt=\"Photo du camion avec des denr\u00e9es alimentaires 4\">\n    <\/div>\n<\/div>\n\n<script>\n    let slideIndex3 = 0;\nshowSlides3();\n\nfunction showSlides3() {\n    let i;\n    let slides = document.getElementsByClassName(\"carousel-slide3\");\n    \/\/let dots = document.getElementsByClassName(\"dot\");\n\n    \/\/ Hide all slides\n    for (i = 0; i < slides.length; i++) {\n        slides[i].style.display = \"none\";\n    }\n\n    \/\/ Increment index and loop back if needed\n    slideIndex3++;\n    if (slideIndex3 > slides.length) {slideIndex3 = 1}\n\n    \/\/ Remove 'active' class from all dots\n    \/\/for (i = 0; i < dots.length; i++) {\n    \/\/    dots[i].className = dots[i].className\/\/.replace(\" active\", \"\");\n    \/\/}\n\n    \/\/ Display the current slide and mark the corresponding dot as active\n    slides[slideIndex3-1].style.display = \"block\";\n    \/\/dots[slideIndex-1].className += \" active\";\n\n    \/\/ Change image every 3 seconds (3000ms)\n    setTimeout(showSlides3, 5000);\n}\n<\/script>\t\t\t\t<\/div>\n\t\t\t\t\t<\/div>\n\t\t\t\t<\/div>\n\t\t\t\t<\/div>\n\t\t","protected":false},"excerpt":{"rendered":"<p>C\u00f4t\u00e9 Jardin Venez profiter d\u2019un espace ext\u00e9rieur convivial o\u00f9 la nature est \u00e0 port\u00e9e de main! Notre organisme offre des bacs de jardinage accessibles \u00e0 tous, pour cultiver des l\u00e9gumes, des fines herbes et des fleurs en toute simplicit\u00e9. En plus de jardiner, participez \u00e0 nos ateliers de semis et \u00e0 diverses activit\u00e9s de jardinage [&hellip;]<\/p>\n","protected":false},"author":2,"featured_media":0,"parent":0,"menu_order":0,"comment_status":"closed","ping_status":"closed","template":"","meta":{"footnotes":""},"class_list":["post-682","page","type-page","status-publish","hentry"],"_links":{"self":[{"href":"https:\/\/auxtrouvaillesdemandeville.org\/index.php?rest_route=\/wp\/v2\/pages\/682","targetHints":{"allow":["GET"]}}],"collection":[{"href":"https:\/\/auxtrouvaillesdemandeville.org\/index.php?rest_route=\/wp\/v2\/pages"}],"about":[{"href":"https:\/\/auxtrouvaillesdemandeville.org\/index.php?rest_route=\/wp\/v2\/types\/page"}],"author":[{"embeddable":true,"href":"https:\/\/auxtrouvaillesdemandeville.org\/index.php?rest_route=\/wp\/v2\/users\/2"}],"replies":[{"embeddable":true,"href":"https:\/\/auxtrouvaillesdemandeville.org\/index.php?rest_route=%2Fwp%2Fv2%2Fcomments&post=682"}],"version-history":[{"count":100,"href":"https:\/\/auxtrouvaillesdemandeville.org\/index.php?rest_route=\/wp\/v2\/pages\/682\/revisions"}],"predecessor-version":[{"id":3499,"href":"https:\/\/auxtrouvaillesdemandeville.org\/index.php?rest_route=\/wp\/v2\/pages\/682\/revisions\/3499"}],"wp:attachment":[{"href":"https:\/\/auxtrouvaillesdemandeville.org\/index.php?rest_route=%2Fwp%2Fv2%2Fmedia&parent=682"}],"curies":[{"name":"wp","href":"https:\/\/api.w.org\/{rel}","templated":true}]}}