{"id":625,"date":"2025-11-03T16:15:41","date_gmt":"2025-11-03T21:15:41","guid":{"rendered":"https:\/\/auxtrouvaillesdemandeville.org\/?page_id=625"},"modified":"2026-04-10T15:29:55","modified_gmt":"2026-04-10T19:29:55","slug":"les-ateliers-cuisine","status":"publish","type":"page","link":"https:\/\/auxtrouvaillesdemandeville.org\/?page_id=625","title":{"rendered":"La Cuisine"},"content":{"rendered":"\t\t<div data-elementor-type=\"wp-page\" data-elementor-id=\"625\" class=\"elementor elementor-625\">\n\t\t\t\t<div class=\"elementor-element elementor-element-abb6796 e-flex e-con-boxed e-con e-parent\" data-id=\"abb6796\" data-element_type=\"container\" data-e-type=\"container\">\n\t\t\t\t\t<div class=\"e-con-inner\">\n\t\t\t\t<div class=\"elementor-element elementor-element-07f2c1c elementor-invisible elementor-widget elementor-widget-heading\" data-id=\"07f2c1c\" data-element_type=\"widget\" data-e-type=\"widget\" data-settings=\"{&quot;_animation&quot;:&quot;fadeInUp&quot;}\" data-widget_type=\"heading.default\">\n\t\t\t\t\t<h2 class=\"elementor-heading-title elementor-size-default\">La Cuisine<\/h2>\t\t\t\t<\/div>\n\t\t\t\t<div class=\"elementor-element elementor-element-fd004b0 elementor-invisible elementor-widget elementor-widget-text-editor\" data-id=\"fd004b0\" data-element_type=\"widget\" data-e-type=\"widget\" data-settings=\"{&quot;_animation&quot;:&quot;fadeInUp&quot;}\" data-widget_type=\"text-editor.default\">\n\t\t\t\t\t\t\t\t\t<p>Tous les vendredis de 9h30 \u00e0 12h30, participez \u00e0 nos ateliers de cuisine anim\u00e9s par notre cuisini\u00e8re! Vous repartez avec 8 portions de deux plats diff\u00e9rents, toujours savoureux. Inscrivez-vous&nbsp;par t\u00e9l\u00e9phone ou en personne \u00e0 l\u2019organisme!<\/p>\t\t\t\t\t\t\t\t<\/div>\n\t\t\t\t\t<\/div>\n\t\t\t\t<\/div>\n\t\t<div class=\"elementor-element elementor-element-034259f e-grid e-con-boxed e-con e-parent\" data-id=\"034259f\" data-element_type=\"container\" data-e-type=\"container\" data-settings=\"{&quot;background_background&quot;:&quot;classic&quot;}\">\n\t\t\t\t\t<div class=\"e-con-inner\">\n\t\t\t\t<div class=\"elementor-element elementor-element-448ba7e image-border-custom elementor-invisible elementor-widget elementor-widget-html\" data-id=\"448ba7e\" data-element_type=\"widget\" data-e-type=\"widget\" data-settings=\"{&quot;_animation&quot;:&quot;zoomIn&quot;}\" data-widget_type=\"html.default\">\n\t\t\t\t\t<style>\r\n    .carousel-container {\r\n    max-width: 1000px;\r\n    position: relative;\r\n    margin: auto;\r\n    overflow: hidden; \/* Ensures images don't overflow during transition *\/\r\n}\r\n\r\n.carousel-slide img {\r\n    \/*width: 100%;*\/\r\n    display: block;\r\n    \/*aspect-ratio: 4 \/ 3;*\/\r\n    width: 600px;\r\n}\r\n\r\n\/* Hide the slides by default *\/\r\n.carousel-slide1 {\r\n    display: none;\r\n}\r\n.carousel-slide2 {\r\n    display: none;\r\n}\r\n.carousel-slide3 {\r\n    display: none;\r\n}\r\n\r\n\/* Fade animation *\/\r\n.fade {\r\n    animation-name: fade;\r\n    animation-duration: 1.5s;\r\n}\r\n\r\n@keyframes fade {\r\n    from {opacity: .4}\r\n    to {opacity: 1}\r\n}\r\n<\/style>\r\n\r\n<div class=\"carousel-container\">\r\n    <div class=\"carousel-slide carousel-slide1 fade image-border-custom\">\r\n        <img decoding=\"async\" src=\"https:\/\/auxtrouvaillesdemandeville.org\/wp-content\/uploads\/2026\/01\/cuisinecollectivepresentation1-4-3.jpg\" alt=\"Photo du camion avec des denr\u00e9es alimentaires 1\">\r\n    <\/div>\r\n    <div class=\"carousel-slide carousel-slide1 fade image-border-custom\">\r\n        <img decoding=\"async\" src=\"https:\/\/auxtrouvaillesdemandeville.org\/wp-content\/uploads\/2026\/01\/atelier-cuisine-3-1-4-3.jpg\" alt=\"Photo du camion avec des denr\u00e9es alimentaires 2\">\r\n    <\/div>\r\n    <div class=\"carousel-slide carousel-slide1 fade image-border-custom\">\r\n        <img decoding=\"async\" src=\"https:\/\/auxtrouvaillesdemandeville.org\/wp-content\/uploads\/2026\/01\/atelier-cuisine-3-2-4-3.jpg\" alt=\"Photo du camion avec des denr\u00e9es alimentaires 3\">\r\n        \r\n    <\/div>\r\n    <div class=\"carousel-slide carousel-slide1 fade image-border-custom\">\r\n        <img decoding=\"async\" src=\"https:\/\/auxtrouvaillesdemandeville.org\/wp-content\/uploads\/2026\/01\/IMG_20260102_103928_858.jpg\" alt=\"Photo du camion avec des denr\u00e9es alimentaires 4\">\r\n    <\/div>\r\n<\/div>\r\n\r\n<script>\r\n    let slideIndex1 = 0;\r\nshowSlides1();\r\n\r\nfunction showSlides1() {\r\n    let i;\r\n    let slides = document.getElementsByClassName(\"carousel-slide1\");\r\n    \/\/let dots = document.getElementsByClassName(\"dot\");\r\n\r\n    \/\/ Hide all slides\r\n    for (i = 0; i < slides.length; i++) {\r\n        slides[i].style.display = \"none\";\r\n    }\r\n\r\n    \/\/ Increment index and loop back if needed\r\n    slideIndex1++;\r\n    if (slideIndex1 > slides.length) {slideIndex1 = 1}\r\n\r\n    \/\/ Remove 'active' class from all dots\r\n    \/\/for (i = 0; i < dots.length; i++) {\r\n    \/\/    dots[i].className = dots[i].className\/\/.replace(\" active\", \"\");\r\n    \/\/}\r\n\r\n    \/\/ Display the current slide and mark the corresponding dot as active\r\n    slides[slideIndex1-1].style.display = \"block\";\r\n    \/\/dots[slideIndex-1].className += \" active\";\r\n\r\n    \/\/ Change image every 3 seconds (3000ms)\r\n    setTimeout(showSlides1, 5000);\r\n}\r\n<\/script>\t\t\t\t<\/div>\n\t\t\t\t<div class=\"elementor-element elementor-element-bac4814 elementor-invisible elementor-widget elementor-widget-html\" data-id=\"bac4814\" data-element_type=\"widget\" data-e-type=\"widget\" data-settings=\"{&quot;_animation&quot;:&quot;zoomIn&quot;}\" data-widget_type=\"html.default\">\n\t\t\t\t\t<div class=\"carousel-container\">\r\n    <div class=\"carousel-slide carousel-slide3 fade image-border-custom\">\r\n        <img decoding=\"async\" src=\"https:\/\/auxtrouvaillesdemandeville.org\/wp-content\/uploads\/2026\/01\/IMG_20260102_103956_969-scaled-e1767372046819.jpg\">\r\n    <\/div>\r\n    <div class=\"carousel-slide carousel-slide3 fade image-border-custom\">\r\n        <img decoding=\"async\" src=\"https:\/\/auxtrouvaillesdemandeville.org\/wp-content\/uploads\/2026\/01\/IMG_20260102_104046_442-e1767372124911.jpg\">\r\n    <\/div>\r\n    <div class=\"carousel-slide carousel-slide3 fade image-border-custom\">\r\n        <img decoding=\"async\" src=\"https:\/\/auxtrouvaillesdemandeville.org\/wp-content\/uploads\/2026\/01\/9735c876-fbc2-444c-b62a-1d62d10282ad-1-4-3.jpg\">\r\n        \r\n    <\/div>\r\n    <div class=\"carousel-slide carousel-slide3 fade image-border-custom\">\r\n        <img decoding=\"async\" src=\"https:\/\/auxtrouvaillesdemandeville.org\/wp-content\/uploads\/2026\/01\/atelier-cuisine-e1761853447398-4-3.jpg\">\r\n    <\/div>\r\n<\/div>\r\n\r\n<script>\r\n    let slideIndex3 = 0;\r\nshowSlides3();\r\n\r\nfunction showSlides3() {\r\n    let i;\r\n    let slides = document.getElementsByClassName(\"carousel-slide3\");\r\n    \/\/let dots = document.getElementsByClassName(\"dot\");\r\n\r\n    \/\/ Hide all slides\r\n    for (i = 0; i < slides.length; i++) {\r\n        slides[i].style.display = \"none\";\r\n    }\r\n\r\n    \/\/ Increment index and loop back if needed\r\n    slideIndex3++;\r\n    if (slideIndex3 > slides.length) {slideIndex3 = 1}\r\n\r\n    \/\/ Remove 'active' class from all dots\r\n    \/\/for (i = 0; i < dots.length; i++) {\r\n    \/\/    dots[i].className = dots[i].className\/\/.replace(\" active\", \"\");\r\n    \/\/}\r\n\r\n    \/\/ Display the current slide and mark the corresponding dot as active\r\n    slides[slideIndex3-1].style.display = \"block\";\r\n    \/\/dots[slideIndex-1].className += \" active\";\r\n\r\n    \/\/ Change image every 3 seconds (3000ms)\r\n    setTimeout(showSlides3, 5000);\r\n}\r\n<\/script>\t\t\t\t<\/div>\n\t\t\t\t<div class=\"elementor-element elementor-element-f8575e8 elementor-invisible elementor-widget elementor-widget-html\" data-id=\"f8575e8\" data-element_type=\"widget\" data-e-type=\"widget\" data-settings=\"{&quot;_animation&quot;:&quot;zoomIn&quot;}\" data-widget_type=\"html.default\">\n\t\t\t\t\t<div class=\"carousel-container\">\r\n    <div class=\"carousel-slide carousel-slide2 fade image-border-custom\">\r\n        <img decoding=\"async\" src=\"https:\/\/auxtrouvaillesdemandeville.org\/wp-content\/uploads\/2026\/01\/IMG_20260102_103844_355-e1767373204105.jpg\">\r\n    <\/div>\r\n    <div class=\"carousel-slide carousel-slide2 fade image-border-custom\">\r\n        <img decoding=\"async\" src=\"https:\/\/auxtrouvaillesdemandeville.org\/wp-content\/uploads\/2026\/01\/IMG_20260102_103855_578-e1767373233802.jpg\">\r\n    <\/div>\r\n    <div class=\"carousel-slide carousel-slide2 fade image-border-custom\">\r\n        <img decoding=\"async\" src=\"https:\/\/auxtrouvaillesdemandeville.org\/wp-content\/uploads\/2026\/01\/79f954c6-aa50-4a45-ba95-191059aa418d-e1767373261124.jpg\">\r\n        \r\n    <\/div>\r\n    <div class=\"carousel-slide carousel-slide2 fade image-border-custom\">\r\n        <img decoding=\"async\" src=\"https:\/\/auxtrouvaillesdemandeville.org\/wp-content\/uploads\/2026\/01\/IMG_20260102_104033_621-e1767373355923.jpg\">\r\n    <\/div>\r\n<\/div>\r\n\r\n<script>\r\n    let slideIndex2 = 0;\r\nshowSlides2();\r\n\r\nfunction showSlides2() {\r\n    let i;\r\n    let slides = document.getElementsByClassName(\"carousel-slide2\");\r\n    \/\/let dots = document.getElementsByClassName(\"dot\");\r\n\r\n    \/\/ Hide all slides\r\n    for (i = 0; i < slides.length; i++) {\r\n        slides[i].style.display = \"none\";\r\n    }\r\n\r\n    \/\/ Increment index and loop back if needed\r\n    slideIndex2++;\r\n    if (slideIndex2 > slides.length) {slideIndex2 = 1}\r\n\r\n    \/\/ Remove 'active' class from all dots\r\n    \/\/for (i = 0; i < dots.length; i++) {\r\n    \/\/    dots[i].className = dots[i].className\/\/.replace(\" active\", \"\");\r\n    \/\/}\r\n\r\n    \/\/ Display the current slide and mark the corresponding dot as active\r\n    slides[slideIndex2-1].style.display = \"block\";\r\n    \/\/dots[slideIndex-1].className += \" active\";\r\n\r\n    \/\/ Change image every 3 seconds (3000ms)\r\n    setTimeout(showSlides2, 5000);\r\n}\r\n<\/script>\t\t\t\t<\/div>\n\t\t\t\t\t<\/div>\n\t\t\t\t<\/div>\n\t\t<div class=\"elementor-element elementor-element-e23ae48 e-flex e-con-boxed e-con e-parent\" data-id=\"e23ae48\" data-element_type=\"container\" data-e-type=\"container\" data-settings=\"{&quot;background_background&quot;:&quot;classic&quot;}\">\n\t\t\t\t\t<div class=\"e-con-inner\">\n\t\t\t\t\t<\/div>\n\t\t\t\t<\/div>\n\t\t\t\t<\/div>\n\t\t","protected":false},"excerpt":{"rendered":"<p>La Cuisine Tous les vendredis de 9h30 \u00e0 12h30, participez \u00e0 nos ateliers de cuisine anim\u00e9s par notre cuisini\u00e8re! Vous repartez avec 8 portions de deux plats diff\u00e9rents, toujours savoureux. Inscrivez-vous&nbsp;par t\u00e9l\u00e9phone ou en personne \u00e0 l\u2019organisme!<\/p>\n","protected":false},"author":2,"featured_media":0,"parent":0,"menu_order":0,"comment_status":"closed","ping_status":"closed","template":"","meta":{"footnotes":""},"class_list":["post-625","page","type-page","status-publish","hentry"],"_links":{"self":[{"href":"https:\/\/auxtrouvaillesdemandeville.org\/index.php?rest_route=\/wp\/v2\/pages\/625","targetHints":{"allow":["GET"]}}],"collection":[{"href":"https:\/\/auxtrouvaillesdemandeville.org\/index.php?rest_route=\/wp\/v2\/pages"}],"about":[{"href":"https:\/\/auxtrouvaillesdemandeville.org\/index.php?rest_route=\/wp\/v2\/types\/page"}],"author":[{"embeddable":true,"href":"https:\/\/auxtrouvaillesdemandeville.org\/index.php?rest_route=\/wp\/v2\/users\/2"}],"replies":[{"embeddable":true,"href":"https:\/\/auxtrouvaillesdemandeville.org\/index.php?rest_route=%2Fwp%2Fv2%2Fcomments&post=625"}],"version-history":[{"count":160,"href":"https:\/\/auxtrouvaillesdemandeville.org\/index.php?rest_route=\/wp\/v2\/pages\/625\/revisions"}],"predecessor-version":[{"id":3862,"href":"https:\/\/auxtrouvaillesdemandeville.org\/index.php?rest_route=\/wp\/v2\/pages\/625\/revisions\/3862"}],"wp:attachment":[{"href":"https:\/\/auxtrouvaillesdemandeville.org\/index.php?rest_route=%2Fwp%2Fv2%2Fmedia&parent=625"}],"curies":[{"name":"wp","href":"https:\/\/api.w.org\/{rel}","templated":true}]}}