{"id":618,"date":"2025-11-03T16:07:25","date_gmt":"2025-11-03T21:07:25","guid":{"rendered":"https:\/\/auxtrouvaillesdemandeville.org\/?page_id=618"},"modified":"2026-01-03T20:14:31","modified_gmt":"2026-01-04T01:14:31","slug":"les-ateliers-couture","status":"publish","type":"page","link":"https:\/\/auxtrouvaillesdemandeville.org\/?page_id=618","title":{"rendered":"La Couture"},"content":{"rendered":"\t\t<div data-elementor-type=\"wp-page\" data-elementor-id=\"618\" class=\"elementor elementor-618\">\n\t\t\t\t<div class=\"elementor-element elementor-element-c96d927 e-con-full e-flex e-con e-parent\" data-id=\"c96d927\" data-element_type=\"container\" data-e-type=\"container\" data-settings=\"{&quot;background_background&quot;:&quot;classic&quot;}\">\n\t\t\t\t<div class=\"elementor-element elementor-element-916b5ed elementor-invisible elementor-widget elementor-widget-heading\" data-id=\"916b5ed\" data-element_type=\"widget\" data-e-type=\"widget\" data-settings=\"{&quot;_animation&quot;:&quot;fadeInUp&quot;}\" data-widget_type=\"heading.default\">\n\t\t\t\t\t<h2 class=\"elementor-heading-title elementor-size-default\">La Couture<\/h2>\t\t\t\t<\/div>\n\t\t\t\t<div class=\"elementor-element elementor-element-1364cfd elementor-invisible elementor-widget elementor-widget-text-editor\" data-id=\"1364cfd\" data-element_type=\"widget\" data-e-type=\"widget\" data-settings=\"{&quot;_animation&quot;:&quot;fadeInUp&quot;}\" data-widget_type=\"text-editor.default\">\n\t\t\t\t\t\t\t\t\t<p><strong>Tous les vendredis de 9h30 \u00e0 12h00 <\/strong>vous avez acc\u00e8s \u00e0 du mat\u00e9riel et aux conseils avis\u00e9s d&rsquo;une couturi\u00e8re ! Vous avez un projet ou simplement de l&rsquo;int\u00e9r\u00eat pour la couture et souhaitez apprendre ? Inscrivez-vous&nbsp;<span style=\"font-size: 21.6574px; letter-spacing: -0.1px;\">par t\u00e9l\u00e9phone ou en personne \u00e0 l&rsquo;organisme<\/span><span style=\"text-wrap-mode: initial; font-size: 21.6574px; letter-spacing: -0.1px;\">!<\/span><\/p>\t\t\t\t\t\t\t\t<\/div>\n\t\t\t\t<\/div>\n\t\t<div class=\"elementor-element elementor-element-5f31ec6 e-grid e-con-boxed e-con e-parent\" data-id=\"5f31ec6\" data-element_type=\"container\" data-e-type=\"container\" data-settings=\"{&quot;background_background&quot;:&quot;classic&quot;}\">\n\t\t\t\t\t<div class=\"e-con-inner\">\n\t\t\t\t<div class=\"elementor-element elementor-element-61562fa image-border-custom elementor-invisible elementor-widget elementor-widget-image\" data-id=\"61562fa\" data-element_type=\"widget\" data-e-type=\"widget\" data-settings=\"{&quot;_animation&quot;:&quot;zoomIn&quot;}\" data-widget_type=\"image.default\">\n\t\t\t\t\t\t\t\t\t\t\t\t\t\t\t<img fetchpriority=\"high\" decoding=\"async\" width=\"627\" height=\"836\" src=\"https:\/\/auxtrouvaillesdemandeville.org\/wp-content\/uploads\/2026\/01\/couture2.jpg\" class=\"attachment-large size-large wp-image-2274\" alt=\"\" srcset=\"https:\/\/auxtrouvaillesdemandeville.org\/wp-content\/uploads\/2026\/01\/couture2.jpg 627w, https:\/\/auxtrouvaillesdemandeville.org\/wp-content\/uploads\/2026\/01\/couture2-225x300.jpg 225w\" sizes=\"(max-width: 627px) 100vw, 627px\" \/>\t\t\t\t\t\t\t\t\t\t\t\t\t\t\t<\/div>\n\t\t\t\t<div class=\"elementor-element elementor-element-698acc5 image-border-custom elementor-invisible elementor-widget elementor-widget-image\" data-id=\"698acc5\" data-element_type=\"widget\" data-e-type=\"widget\" data-settings=\"{&quot;_animation&quot;:&quot;zoomIn&quot;}\" data-widget_type=\"image.default\">\n\t\t\t\t\t\t\t\t\t\t\t\t\t\t\t<img decoding=\"async\" width=\"768\" height=\"1024\" src=\"https:\/\/auxtrouvaillesdemandeville.org\/wp-content\/uploads\/2025\/10\/couture-768x1024.jpg\" class=\"attachment-large size-large wp-image-207\" alt=\"\" srcset=\"https:\/\/auxtrouvaillesdemandeville.org\/wp-content\/uploads\/2025\/10\/couture-768x1024.jpg 768w, https:\/\/auxtrouvaillesdemandeville.org\/wp-content\/uploads\/2025\/10\/couture-225x300.jpg 225w, https:\/\/auxtrouvaillesdemandeville.org\/wp-content\/uploads\/2025\/10\/couture-1152x1536.jpg 1152w, https:\/\/auxtrouvaillesdemandeville.org\/wp-content\/uploads\/2025\/10\/couture.jpg 1536w\" sizes=\"(max-width: 768px) 100vw, 768px\" \/>\t\t\t\t\t\t\t\t\t\t\t\t\t\t\t<\/div>\n\t\t\t\t<div class=\"elementor-element elementor-element-0b0b17c image-border-custom elementor-invisible elementor-widget elementor-widget-image\" data-id=\"0b0b17c\" data-element_type=\"widget\" data-e-type=\"widget\" data-settings=\"{&quot;_animation&quot;:&quot;zoomIn&quot;}\" data-widget_type=\"image.default\">\n\t\t\t\t\t\t\t\t\t\t\t\t\t\t\t<img decoding=\"async\" width=\"768\" height=\"1024\" src=\"https:\/\/auxtrouvaillesdemandeville.org\/wp-content\/uploads\/2025\/10\/67f7c967-372a-4ad5-b34c-2673b83f403f-768x1024.jpg\" class=\"attachment-large size-large wp-image-205\" alt=\"\" srcset=\"https:\/\/auxtrouvaillesdemandeville.org\/wp-content\/uploads\/2025\/10\/67f7c967-372a-4ad5-b34c-2673b83f403f-768x1024.jpg 768w, https:\/\/auxtrouvaillesdemandeville.org\/wp-content\/uploads\/2025\/10\/67f7c967-372a-4ad5-b34c-2673b83f403f-225x300.jpg 225w, https:\/\/auxtrouvaillesdemandeville.org\/wp-content\/uploads\/2025\/10\/67f7c967-372a-4ad5-b34c-2673b83f403f-1152x1536.jpg 1152w, https:\/\/auxtrouvaillesdemandeville.org\/wp-content\/uploads\/2025\/10\/67f7c967-372a-4ad5-b34c-2673b83f403f.jpg 1536w\" sizes=\"(max-width: 768px) 100vw, 768px\" \/>\t\t\t\t\t\t\t\t\t\t\t\t\t\t\t<\/div>\n\t\t\t\t\t<\/div>\n\t\t\t\t<\/div>\n\t\t\t\t<\/div>\n\t\t","protected":false},"excerpt":{"rendered":"<p>La Couture Tous les vendredis de 9h30 \u00e0 12h00 vous avez acc\u00e8s \u00e0 du mat\u00e9riel et aux conseils avis\u00e9s d&rsquo;une couturi\u00e8re ! Vous avez un projet ou simplement de l&rsquo;int\u00e9r\u00eat pour la couture et souhaitez apprendre ? Inscrivez-vous&nbsp;par t\u00e9l\u00e9phone ou en personne \u00e0 l&rsquo;organisme!<\/p>\n","protected":false},"author":2,"featured_media":0,"parent":0,"menu_order":0,"comment_status":"closed","ping_status":"closed","template":"","meta":{"footnotes":""},"class_list":["post-618","page","type-page","status-publish","hentry"],"_links":{"self":[{"href":"https:\/\/auxtrouvaillesdemandeville.org\/index.php?rest_route=\/wp\/v2\/pages\/618","targetHints":{"allow":["GET"]}}],"collection":[{"href":"https:\/\/auxtrouvaillesdemandeville.org\/index.php?rest_route=\/wp\/v2\/pages"}],"about":[{"href":"https:\/\/auxtrouvaillesdemandeville.org\/index.php?rest_route=\/wp\/v2\/types\/page"}],"author":[{"embeddable":true,"href":"https:\/\/auxtrouvaillesdemandeville.org\/index.php?rest_route=\/wp\/v2\/users\/2"}],"replies":[{"embeddable":true,"href":"https:\/\/auxtrouvaillesdemandeville.org\/index.php?rest_route=%2Fwp%2Fv2%2Fcomments&post=618"}],"version-history":[{"count":136,"href":"https:\/\/auxtrouvaillesdemandeville.org\/index.php?rest_route=\/wp\/v2\/pages\/618\/revisions"}],"predecessor-version":[{"id":3616,"href":"https:\/\/auxtrouvaillesdemandeville.org\/index.php?rest_route=\/wp\/v2\/pages\/618\/revisions\/3616"}],"wp:attachment":[{"href":"https:\/\/auxtrouvaillesdemandeville.org\/index.php?rest_route=%2Fwp%2Fv2%2Fmedia&parent=618"}],"curies":[{"name":"wp","href":"https:\/\/api.w.org\/{rel}","templated":true}]}}