{"id":603,"date":"2025-11-03T16:01:49","date_gmt":"2025-11-03T21:01:49","guid":{"rendered":"https:\/\/auxtrouvaillesdemandeville.org\/?page_id=603"},"modified":"2026-01-03T20:36:14","modified_gmt":"2026-01-04T01:36:14","slug":"le-milieu-de-vie","status":"publish","type":"page","link":"https:\/\/auxtrouvaillesdemandeville.org\/?page_id=603","title":{"rendered":"Le Milieu de Vie"},"content":{"rendered":"\t\t<div data-elementor-type=\"wp-page\" data-elementor-id=\"603\" class=\"elementor elementor-603\">\n\t\t\t\t<div class=\"elementor-element elementor-element-a256fc4 e-flex e-con-boxed e-con e-parent\" data-id=\"a256fc4\" data-element_type=\"container\" data-e-type=\"container\">\n\t\t\t\t\t<div class=\"e-con-inner\">\n\t\t\t\t<div class=\"elementor-element elementor-element-912cd15 elementor-invisible elementor-widget elementor-widget-heading\" data-id=\"912cd15\" data-element_type=\"widget\" data-e-type=\"widget\" data-settings=\"{&quot;_animation&quot;:&quot;fadeInUp&quot;}\" data-widget_type=\"heading.default\">\n\t\t\t\t\t<h2 class=\"elementor-heading-title elementor-size-default\">Un Milieu de Vie Chaleureux et Convivial<\/h2>\t\t\t\t<\/div>\n\t\t\t\t<div class=\"elementor-element elementor-element-5790ab3 elementor-invisible elementor-widget elementor-widget-text-editor\" data-id=\"5790ab3\" data-element_type=\"widget\" data-e-type=\"widget\" data-settings=\"{&quot;_animation&quot;:&quot;fadeInUp&quot;}\" data-widget_type=\"text-editor.default\">\n\t\t\t\t\t\t\t\t\t<div>Venez profiter d\u2019un espace accueillant o\u00f9 la communaut\u00e9 se rassemble pour partager des moments simples et agr\u00e9ables. Ici, on joue aux cartes, on s\u2019amuse avec des casse-t\u00eates et on prend le temps de discuter autour d\u2019un bon caf\u00e9\u2026 gratuit! Que vous veniez pour vous d\u00e9tendre, rencontrer des gens ou simplement passer un bon moment, notre organisme communautaire est l\u2019endroit id\u00e9al pour cr\u00e9er des liens et se sentir chez soi.<\/div>\t\t\t\t\t\t\t\t<\/div>\n\t\t\t\t\t<\/div>\n\t\t\t\t<\/div>\n\t\t<div class=\"elementor-element elementor-element-9c2a66e e-flex e-con-boxed e-con e-parent\" data-id=\"9c2a66e\" data-element_type=\"container\" data-e-type=\"container\" data-settings=\"{&quot;background_background&quot;:&quot;classic&quot;}\">\n\t\t\t\t\t<div class=\"e-con-inner\">\n\t\t<div class=\"elementor-element elementor-element-5ee96e2 e-grid e-con-full e-con e-child\" data-id=\"5ee96e2\" data-element_type=\"container\" data-e-type=\"container\">\n\t\t\t\t<div class=\"elementor-element elementor-element-aeb8be9 image-border-custom elementor-invisible elementor-widget elementor-widget-image\" data-id=\"aeb8be9\" data-element_type=\"widget\" data-e-type=\"widget\" data-settings=\"{&quot;_animation&quot;:&quot;zoomIn&quot;}\" data-widget_type=\"image.default\">\n\t\t\t\t\t\t\t\t\t\t\t\t\t\t\t<img fetchpriority=\"high\" decoding=\"async\" width=\"1024\" height=\"768\" src=\"https:\/\/auxtrouvaillesdemandeville.org\/wp-content\/uploads\/2025\/10\/cafe-trouvailles-1024x768.jpg\" class=\"attachment-large size-large wp-image-187\" alt=\"\" srcset=\"https:\/\/auxtrouvaillesdemandeville.org\/wp-content\/uploads\/2025\/10\/cafe-trouvailles-1024x768.jpg 1024w, https:\/\/auxtrouvaillesdemandeville.org\/wp-content\/uploads\/2025\/10\/cafe-trouvailles-300x225.jpg 300w, https:\/\/auxtrouvaillesdemandeville.org\/wp-content\/uploads\/2025\/10\/cafe-trouvailles-768x576.jpg 768w, https:\/\/auxtrouvaillesdemandeville.org\/wp-content\/uploads\/2025\/10\/cafe-trouvailles-1536x1152.jpg 1536w, https:\/\/auxtrouvaillesdemandeville.org\/wp-content\/uploads\/2025\/10\/cafe-trouvailles-2048x1536.jpg 2048w\" sizes=\"(max-width: 1024px) 100vw, 1024px\" \/>\t\t\t\t\t\t\t\t\t\t\t\t\t\t\t<\/div>\n\t\t\t\t<div class=\"elementor-element elementor-element-f34275c image-border-custom elementor-invisible elementor-widget elementor-widget-image\" data-id=\"f34275c\" data-element_type=\"widget\" data-e-type=\"widget\" data-settings=\"{&quot;_animation&quot;:&quot;zoomIn&quot;}\" data-widget_type=\"image.default\">\n\t\t\t\t\t\t\t\t\t\t\t\t\t\t\t<img decoding=\"async\" width=\"1024\" height=\"770\" src=\"https:\/\/auxtrouvaillesdemandeville.org\/wp-content\/uploads\/2025\/10\/table-de-jeux-e1767296219475-1024x770.jpg\" class=\"attachment-large size-large wp-image-188\" alt=\"\" srcset=\"https:\/\/auxtrouvaillesdemandeville.org\/wp-content\/uploads\/2025\/10\/table-de-jeux-e1767296219475-1024x770.jpg 1024w, https:\/\/auxtrouvaillesdemandeville.org\/wp-content\/uploads\/2025\/10\/table-de-jeux-e1767296219475-300x225.jpg 300w, https:\/\/auxtrouvaillesdemandeville.org\/wp-content\/uploads\/2025\/10\/table-de-jeux-e1767296219475-768x577.jpg 768w, https:\/\/auxtrouvaillesdemandeville.org\/wp-content\/uploads\/2025\/10\/table-de-jeux-e1767296219475.jpg 1533w\" sizes=\"(max-width: 1024px) 100vw, 1024px\" \/>\t\t\t\t\t\t\t\t\t\t\t\t\t\t\t<\/div>\n\t\t\t\t<div class=\"elementor-element elementor-element-87b7ec3 image-border-custom elementor-invisible elementor-widget elementor-widget-image\" data-id=\"87b7ec3\" data-element_type=\"widget\" data-e-type=\"widget\" data-settings=\"{&quot;_animation&quot;:&quot;zoomIn&quot;}\" data-widget_type=\"image.default\">\n\t\t\t\t\t\t\t\t\t\t\t\t\t\t\t<img decoding=\"async\" width=\"1024\" height=\"769\" src=\"https:\/\/auxtrouvaillesdemandeville.org\/wp-content\/uploads\/2025\/11\/jeux-milieu-de-vie-e1767296383603-1024x769.jpg\" class=\"attachment-large size-large wp-image-632\" alt=\"\" srcset=\"https:\/\/auxtrouvaillesdemandeville.org\/wp-content\/uploads\/2025\/11\/jeux-milieu-de-vie-e1767296383603-1024x769.jpg 1024w, https:\/\/auxtrouvaillesdemandeville.org\/wp-content\/uploads\/2025\/11\/jeux-milieu-de-vie-e1767296383603-300x225.jpg 300w, https:\/\/auxtrouvaillesdemandeville.org\/wp-content\/uploads\/2025\/11\/jeux-milieu-de-vie-e1767296383603-768x577.jpg 768w, https:\/\/auxtrouvaillesdemandeville.org\/wp-content\/uploads\/2025\/11\/jeux-milieu-de-vie-e1767296383603.jpg 1500w\" sizes=\"(max-width: 1024px) 100vw, 1024px\" \/>\t\t\t\t\t\t\t\t\t\t\t\t\t\t\t<\/div>\n\t\t\t\t<div class=\"elementor-element elementor-element-5bb9ef3 image-border-custom elementor-invisible elementor-widget elementor-widget-image\" data-id=\"5bb9ef3\" data-element_type=\"widget\" data-e-type=\"widget\" data-settings=\"{&quot;_animation&quot;:&quot;zoomIn&quot;}\" data-widget_type=\"image.default\">\n\t\t\t\t\t\t\t\t\t\t\t\t\t\t\t<img loading=\"lazy\" decoding=\"async\" width=\"1024\" height=\"768\" src=\"https:\/\/auxtrouvaillesdemandeville.org\/wp-content\/uploads\/2026\/01\/IMG_20230215_132152-1024x768.jpg\" class=\"attachment-large size-large wp-image-2059\" alt=\"\" srcset=\"https:\/\/auxtrouvaillesdemandeville.org\/wp-content\/uploads\/2026\/01\/IMG_20230215_132152-1024x768.jpg 1024w, https:\/\/auxtrouvaillesdemandeville.org\/wp-content\/uploads\/2026\/01\/IMG_20230215_132152-300x225.jpg 300w, https:\/\/auxtrouvaillesdemandeville.org\/wp-content\/uploads\/2026\/01\/IMG_20230215_132152-768x576.jpg 768w, https:\/\/auxtrouvaillesdemandeville.org\/wp-content\/uploads\/2026\/01\/IMG_20230215_132152-1536x1152.jpg 1536w, https:\/\/auxtrouvaillesdemandeville.org\/wp-content\/uploads\/2026\/01\/IMG_20230215_132152-2048x1536.jpg 2048w\" sizes=\"(max-width: 1024px) 100vw, 1024px\" \/>\t\t\t\t\t\t\t\t\t\t\t\t\t\t\t<\/div>\n\t\t\t\t<\/div>\n\t\t\t\t\t<\/div>\n\t\t\t\t<\/div>\n\t\t\t\t<\/div>\n\t\t","protected":false},"excerpt":{"rendered":"<p>Un Milieu de Vie Chaleureux et Convivial Venez profiter d\u2019un espace accueillant o\u00f9 la communaut\u00e9 se rassemble pour partager des moments simples et agr\u00e9ables. Ici, on joue aux cartes, on s\u2019amuse avec des casse-t\u00eates et on prend le temps de discuter autour d\u2019un bon caf\u00e9\u2026 gratuit! Que vous veniez pour vous d\u00e9tendre, rencontrer des gens [&hellip;]<\/p>\n","protected":false},"author":2,"featured_media":0,"parent":0,"menu_order":0,"comment_status":"closed","ping_status":"closed","template":"","meta":{"footnotes":""},"class_list":["post-603","page","type-page","status-publish","hentry"],"_links":{"self":[{"href":"https:\/\/auxtrouvaillesdemandeville.org\/index.php?rest_route=\/wp\/v2\/pages\/603","targetHints":{"allow":["GET"]}}],"collection":[{"href":"https:\/\/auxtrouvaillesdemandeville.org\/index.php?rest_route=\/wp\/v2\/pages"}],"about":[{"href":"https:\/\/auxtrouvaillesdemandeville.org\/index.php?rest_route=\/wp\/v2\/types\/page"}],"author":[{"embeddable":true,"href":"https:\/\/auxtrouvaillesdemandeville.org\/index.php?rest_route=\/wp\/v2\/users\/2"}],"replies":[{"embeddable":true,"href":"https:\/\/auxtrouvaillesdemandeville.org\/index.php?rest_route=%2Fwp%2Fv2%2Fcomments&post=603"}],"version-history":[{"count":67,"href":"https:\/\/auxtrouvaillesdemandeville.org\/index.php?rest_route=\/wp\/v2\/pages\/603\/revisions"}],"predecessor-version":[{"id":3666,"href":"https:\/\/auxtrouvaillesdemandeville.org\/index.php?rest_route=\/wp\/v2\/pages\/603\/revisions\/3666"}],"wp:attachment":[{"href":"https:\/\/auxtrouvaillesdemandeville.org\/index.php?rest_route=%2Fwp%2Fv2%2Fmedia&parent=603"}],"curies":[{"name":"wp","href":"https:\/\/api.w.org\/{rel}","templated":true}]}}