{"id":561,"date":"2025-11-03T15:18:23","date_gmt":"2025-11-03T20:18:23","guid":{"rendered":"https:\/\/auxtrouvaillesdemandeville.org\/?page_id=561"},"modified":"2026-01-03T20:35:05","modified_gmt":"2026-01-04T01:35:05","slug":"laide-alimentaire","status":"publish","type":"page","link":"https:\/\/auxtrouvaillesdemandeville.org\/?page_id=561","title":{"rendered":"L&rsquo;Aide Alimentaire"},"content":{"rendered":"\t\t<div data-elementor-type=\"wp-page\" data-elementor-id=\"561\" class=\"elementor elementor-561\">\n\t\t\t\t<div class=\"elementor-element elementor-element-ed9a2bd e-con-full e-flex e-con e-parent\" data-id=\"ed9a2bd\" data-element_type=\"container\" data-e-type=\"container\">\n\t\t\t\t<div class=\"elementor-element elementor-element-d2a3358 elementor-invisible elementor-widget elementor-widget-heading\" data-id=\"d2a3358\" data-element_type=\"widget\" data-e-type=\"widget\" data-settings=\"{&quot;_animation&quot;:&quot;fadeInUp&quot;}\" data-widget_type=\"heading.default\">\n\t\t\t\t\t<h2 class=\"elementor-heading-title elementor-size-default\">L'Aide Alimentaire<\/h2>\t\t\t\t<\/div>\n\t\t<div class=\"elementor-element elementor-element-1f2025f e-flex e-con-boxed e-con e-child\" data-id=\"1f2025f\" data-element_type=\"container\" data-e-type=\"container\">\n\t\t\t\t\t<div class=\"e-con-inner\">\n\t\t\t\t<div class=\"elementor-element elementor-element-61326d2 elementor-invisible elementor-widget elementor-widget-text-editor\" data-id=\"61326d2\" data-element_type=\"widget\" data-e-type=\"widget\" data-settings=\"{&quot;_animation&quot;:&quot;fadeInUp&quot;}\" data-widget_type=\"text-editor.default\">\n\t\t\t\t\t\t\t\t\t<p>La distribution alimentaire est essentielle pour lutter contre la pauvret\u00e9, surtout depuis la hausse des prix des denr\u00e9es dans les supermarch\u00e9s. Ce service est gratuit pour notre client\u00e8le dans un moment de vuln\u00e9rabilit\u00e9 dans leur vie. Nous pr\u00e9parons en moyenne 45 paniers par semaine pour environ 100 personnes. Nos denr\u00e9es alimentaires proviennent de Moisson Lanaudi\u00e8re et chaque mardi, nous redistribuons la nourriture aux membres inscrits. Pour en savoir plus, t\u00e9l\u00e9phonez au <span style=\"text-decoration: underline;\"><a href=\"tel:4508357207\">(450)-835-7207<\/a><\/span>.<\/p>\t\t\t\t\t\t\t\t<\/div>\n\t\t\t\t\t<\/div>\n\t\t\t\t<\/div>\n\t\t\t\t<\/div>\n\t\t<div class=\"elementor-element elementor-element-3052349 e-flex e-con-boxed e-con e-parent\" data-id=\"3052349\" data-element_type=\"container\" data-e-type=\"container\" data-settings=\"{&quot;background_background&quot;:&quot;classic&quot;}\">\n\t\t\t\t\t<div class=\"e-con-inner\">\n\t\t<div class=\"elementor-element elementor-element-9c034d2 e-grid e-con-boxed e-con e-child\" data-id=\"9c034d2\" data-element_type=\"container\" data-e-type=\"container\">\n\t\t\t\t\t<div class=\"e-con-inner\">\n\t\t\t\t<div class=\"elementor-element elementor-element-376835f elementor-widget-tablet__width-initial image-border-custom elementor-invisible elementor-widget elementor-widget-image\" data-id=\"376835f\" data-element_type=\"widget\" data-e-type=\"widget\" data-settings=\"{&quot;_animation&quot;:&quot;zoomIn&quot;}\" data-widget_type=\"image.default\">\n\t\t\t\t\t\t\t\t\t\t\t\t\t\t\t<img fetchpriority=\"high\" decoding=\"async\" width=\"2000\" height=\"1500\" src=\"https:\/\/auxtrouvaillesdemandeville.org\/wp-content\/uploads\/2025\/12\/aide-alimentaire.jpg-2.jpg\" class=\"attachment-full size-full wp-image-1107\" alt=\"\" srcset=\"https:\/\/auxtrouvaillesdemandeville.org\/wp-content\/uploads\/2025\/12\/aide-alimentaire.jpg-2.jpg 2000w, https:\/\/auxtrouvaillesdemandeville.org\/wp-content\/uploads\/2025\/12\/aide-alimentaire.jpg-2-300x225.jpg 300w, https:\/\/auxtrouvaillesdemandeville.org\/wp-content\/uploads\/2025\/12\/aide-alimentaire.jpg-2-1024x768.jpg 1024w, https:\/\/auxtrouvaillesdemandeville.org\/wp-content\/uploads\/2025\/12\/aide-alimentaire.jpg-2-768x576.jpg 768w, https:\/\/auxtrouvaillesdemandeville.org\/wp-content\/uploads\/2025\/12\/aide-alimentaire.jpg-2-1536x1152.jpg 1536w\" sizes=\"(max-width: 2000px) 100vw, 2000px\" \/>\t\t\t\t\t\t\t\t\t\t\t\t\t\t\t<\/div>\n\t\t\t\t<div class=\"elementor-element elementor-element-1d240bf elementor-widget-tablet__width-initial image-border-custom elementor-invisible elementor-widget elementor-widget-image\" data-id=\"1d240bf\" data-element_type=\"widget\" data-e-type=\"widget\" data-settings=\"{&quot;_animation&quot;:&quot;zoomIn&quot;}\" data-widget_type=\"image.default\">\n\t\t\t\t\t\t\t\t\t\t\t\t\t\t\t<img decoding=\"async\" width=\"2000\" height=\"1500\" src=\"https:\/\/auxtrouvaillesdemandeville.org\/wp-content\/uploads\/2025\/10\/aide-alimentaire.jpg\" class=\"attachment-full size-full wp-image-175\" alt=\"\" srcset=\"https:\/\/auxtrouvaillesdemandeville.org\/wp-content\/uploads\/2025\/10\/aide-alimentaire.jpg 2000w, https:\/\/auxtrouvaillesdemandeville.org\/wp-content\/uploads\/2025\/10\/aide-alimentaire-300x225.jpg 300w, https:\/\/auxtrouvaillesdemandeville.org\/wp-content\/uploads\/2025\/10\/aide-alimentaire-1024x768.jpg 1024w, https:\/\/auxtrouvaillesdemandeville.org\/wp-content\/uploads\/2025\/10\/aide-alimentaire-768x576.jpg 768w, https:\/\/auxtrouvaillesdemandeville.org\/wp-content\/uploads\/2025\/10\/aide-alimentaire-1536x1152.jpg 1536w\" sizes=\"(max-width: 2000px) 100vw, 2000px\" \/>\t\t\t\t\t\t\t\t\t\t\t\t\t\t\t<\/div>\n\t\t\t\t<div class=\"elementor-element elementor-element-75e30f8 image-border-custom elementor-invisible elementor-widget elementor-widget-image\" data-id=\"75e30f8\" data-element_type=\"widget\" data-e-type=\"widget\" data-settings=\"{&quot;_animation&quot;:&quot;zoomIn&quot;}\" data-widget_type=\"image.default\">\n\t\t\t\t\t\t\t\t\t\t\t\t\t\t\t<img decoding=\"async\" width=\"1024\" height=\"768\" src=\"https:\/\/auxtrouvaillesdemandeville.org\/wp-content\/uploads\/2025\/12\/IMG_20251231_145326_894-1024x768.jpg\" class=\"attachment-large size-large wp-image-1740\" alt=\"\" srcset=\"https:\/\/auxtrouvaillesdemandeville.org\/wp-content\/uploads\/2025\/12\/IMG_20251231_145326_894-1024x768.jpg 1024w, https:\/\/auxtrouvaillesdemandeville.org\/wp-content\/uploads\/2025\/12\/IMG_20251231_145326_894-300x225.jpg 300w, https:\/\/auxtrouvaillesdemandeville.org\/wp-content\/uploads\/2025\/12\/IMG_20251231_145326_894-768x576.jpg 768w, https:\/\/auxtrouvaillesdemandeville.org\/wp-content\/uploads\/2025\/12\/IMG_20251231_145326_894.jpg 1280w\" sizes=\"(max-width: 1024px) 100vw, 1024px\" \/>\t\t\t\t\t\t\t\t\t\t\t\t\t\t\t<\/div>\n\t\t\t\t<div class=\"elementor-element elementor-element-68f3f63 elementor-invisible elementor-widget elementor-widget-html\" data-id=\"68f3f63\" data-element_type=\"widget\" data-e-type=\"widget\" data-settings=\"{&quot;_animation&quot;:&quot;zoomIn&quot;}\" data-widget_type=\"html.default\">\n\t\t\t\t\t<style>\n    .carousel-container {\n    max-width: 1000px;\n    position: relative;\n    margin: auto;\n    overflow: hidden; \/* Ensures images don't overflow during transition *\/\n}\n\n.carousel-slide img {\n    width: 100%;\n    display: block;\n    \/*aspect-ratio: 4 \/ 3;*\/\n    \/*width: 600px;*\/\n}\n\n\/* Hide the slides by default *\/\n.carousel-slide {\n    display: none;\n}\n\n\/* Fade animation *\/\n.fade {\n    animation-name: fade;\n    animation-duration: 1.5s;\n}\n\n@keyframes fade {\n    from {opacity: .4}\n    to {opacity: 1}\n}\n<\/style>\n\n<div class=\"carousel-container\">\n    <div class=\"carousel-slide fade image-border-custom\">\n        <img decoding=\"async\" src=\"https:\/\/auxtrouvaillesdemandeville.org\/wp-content\/uploads\/2026\/01\/IMG_20250917_140515-scaled.jpg\" alt=\"Photo du camion avec des denr\u00e9es alimentaires 1\">\n    <\/div>\n    <div class=\"carousel-slide fade image-border-custom\">\n        <img decoding=\"async\" src=\"https:\/\/auxtrouvaillesdemandeville.org\/wp-content\/uploads\/2026\/01\/IMG_20250917_140508-scaled-e1767298534630.jpg\" alt=\"Photo du camion avec des denr\u00e9es alimentaires 2\">\n    <\/div>\n    <div class=\"carousel-slide fade image-border-custom\">\n        <img decoding=\"async\" src=\"https:\/\/auxtrouvaillesdemandeville.org\/wp-content\/uploads\/2026\/01\/IMG_20250917_135531-scaled-e1767298415517.jpg\" alt=\"Photo du camion avec des denr\u00e9es alimentaires 3\">\n        \n    <\/div>\n    <div class=\"carousel-slide fade image-border-custom\">\n        <img decoding=\"async\" src=\"https:\/\/auxtrouvaillesdemandeville.org\/wp-content\/uploads\/2026\/01\/IMG_20250917_135531-1-scaled-e1767298454917.jpg\" alt=\"Photo du camion avec des denr\u00e9es alimentaires 4\">\n    <\/div>\n<\/div>\n\n<script>\n    let slideIndex = 0;\nshowSlides();\n\nfunction showSlides() {\n    let i;\n    let slides = document.getElementsByClassName(\"carousel-slide\");\n    \/\/let dots = document.getElementsByClassName(\"dot\");\n\n    \/\/ Hide all slides\n    for (i = 0; i < slides.length; i++) {\n        slides[i].style.display = \"none\";\n    }\n\n    \/\/ Increment index and loop back if needed\n    slideIndex++;\n    if (slideIndex > slides.length) {slideIndex = 1}\n\n    \/\/ Remove 'active' class from all dots\n    \/\/for (i = 0; i < dots.length; i++) {\n    \/\/    dots[i].className = dots[i].className\/\/.replace(\" active\", \"\");\n    \/\/}\n\n    \/\/ Display the current slide and mark the corresponding dot as active\n    slides[slideIndex-1].style.display = \"block\";\n    \/\/dots[slideIndex-1].className += \" active\";\n\n    \/\/ Change image every 3 seconds (3000ms)\n    setTimeout(showSlides, 5000);\n}\n<\/script>\t\t\t\t<\/div>\n\t\t\t\t\t<\/div>\n\t\t\t\t<\/div>\n\t\t\t\t\t<\/div>\n\t\t\t\t<\/div>\n\t\t\t\t<\/div>\n\t\t","protected":false},"excerpt":{"rendered":"<p>L&rsquo;Aide Alimentaire La distribution alimentaire est essentielle pour lutter contre la pauvret\u00e9, surtout depuis la hausse des prix des denr\u00e9es dans les supermarch\u00e9s. Ce service est gratuit pour notre client\u00e8le dans un moment de vuln\u00e9rabilit\u00e9 dans leur vie. Nous pr\u00e9parons en moyenne 45 paniers par semaine pour environ 100 personnes. Nos denr\u00e9es alimentaires proviennent de [&hellip;]<\/p>\n","protected":false},"author":2,"featured_media":0,"parent":0,"menu_order":0,"comment_status":"closed","ping_status":"closed","template":"","meta":{"footnotes":""},"class_list":["post-561","page","type-page","status-publish","hentry"],"_links":{"self":[{"href":"https:\/\/auxtrouvaillesdemandeville.org\/index.php?rest_route=\/wp\/v2\/pages\/561","targetHints":{"allow":["GET"]}}],"collection":[{"href":"https:\/\/auxtrouvaillesdemandeville.org\/index.php?rest_route=\/wp\/v2\/pages"}],"about":[{"href":"https:\/\/auxtrouvaillesdemandeville.org\/index.php?rest_route=\/wp\/v2\/types\/page"}],"author":[{"embeddable":true,"href":"https:\/\/auxtrouvaillesdemandeville.org\/index.php?rest_route=\/wp\/v2\/users\/2"}],"replies":[{"embeddable":true,"href":"https:\/\/auxtrouvaillesdemandeville.org\/index.php?rest_route=%2Fwp%2Fv2%2Fcomments&post=561"}],"version-history":[{"count":191,"href":"https:\/\/auxtrouvaillesdemandeville.org\/index.php?rest_route=\/wp\/v2\/pages\/561\/revisions"}],"predecessor-version":[{"id":3657,"href":"https:\/\/auxtrouvaillesdemandeville.org\/index.php?rest_route=\/wp\/v2\/pages\/561\/revisions\/3657"}],"wp:attachment":[{"href":"https:\/\/auxtrouvaillesdemandeville.org\/index.php?rest_route=%2Fwp%2Fv2%2Fmedia&parent=561"}],"curies":[{"name":"wp","href":"https:\/\/api.w.org\/{rel}","templated":true}]}}