{"id":55,"date":"2025-10-29T14:34:33","date_gmt":"2025-10-29T18:34:33","guid":{"rendered":"https:\/\/auxtrouvaillesdemandeville.org\/?page_id=55"},"modified":"2026-04-08T13:42:11","modified_gmt":"2026-04-08T17:42:11","slug":"accueil","status":"publish","type":"page","link":"https:\/\/auxtrouvaillesdemandeville.org\/","title":{"rendered":"Accueil"},"content":{"rendered":"\t\t<div data-elementor-type=\"wp-page\" data-elementor-id=\"55\" class=\"elementor elementor-55\">\n\t\t\t\t<div class=\"elementor-element elementor-element-e40ff3f e-flex e-con-boxed e-con e-parent\" data-id=\"e40ff3f\" data-element_type=\"container\" data-e-type=\"container\" data-settings=\"{&quot;background_background&quot;:&quot;classic&quot;}\">\n\t\t\t\t\t<div class=\"e-con-inner\">\n\t\t\t\t<div class=\"elementor-element elementor-element-8c5f967 elementor-invisible elementor-widget elementor-widget-heading\" data-id=\"8c5f967\" data-element_type=\"widget\" data-e-type=\"widget\" data-settings=\"{&quot;_animation&quot;:&quot;fadeInUp&quot;}\" data-widget_type=\"heading.default\">\n\t\t\t\t\t<h2 class=\"elementor-heading-title elementor-size-default\">Notre Mission<\/h2>\t\t\t\t<\/div>\n\t\t\t\t<div class=\"elementor-element elementor-element-cb3324a elementor-invisible elementor-widget elementor-widget-text-editor\" data-id=\"cb3324a\" data-element_type=\"widget\" data-e-type=\"widget\" data-settings=\"{&quot;_animation&quot;:&quot;fadeInUp&quot;}\" data-widget_type=\"text-editor.default\">\n\t\t\t\t\t\t\t\t\t<p><strong>Aux Trouvailles de Mandeville<\/strong> est un organisme sans but lucratif dont la mission consiste \u00e0 briser l\u2019isolement, combattre l\u2019appauvrissement, am\u00e9liorer les conditions de vie des familles, offrir un lieu d\u2019\u00e9coute et d\u2019accueil aux personnes, favoriser leur apprentissage, leur \u00e9panouissement et stimuler leur prise en charge.<\/p>\t\t\t\t\t\t\t\t<\/div>\n\t\t\t\t<div class=\"elementor-element elementor-element-18716ff elementor-invisible elementor-widget elementor-widget-heading\" data-id=\"18716ff\" data-element_type=\"widget\" data-e-type=\"widget\" data-settings=\"{&quot;_animation&quot;:&quot;fadeInUp&quot;}\" data-widget_type=\"heading.default\">\n\t\t\t\t\t<h2 class=\"elementor-heading-title elementor-size-default\">Nos Valeurs<\/h2>\t\t\t\t<\/div>\n\t\t\t\t<div class=\"elementor-element elementor-element-8cabe0f elementor-invisible elementor-widget elementor-widget-text-editor\" data-id=\"8cabe0f\" data-element_type=\"widget\" data-e-type=\"widget\" data-settings=\"{&quot;_animation&quot;:&quot;fadeInUp&quot;}\" data-widget_type=\"text-editor.default\">\n\t\t\t\t\t\t\t\t\t<p>Nos valeurs sont le respect, l&rsquo;entraide, la solidarit\u00e9, la confidentialit\u00e9 et l&rsquo;environnement.<\/p>\t\t\t\t\t\t\t\t<\/div>\n\t\t\t\t\t<\/div>\n\t\t\t\t<\/div>\n\t\t<div class=\"elementor-element elementor-element-44860cb e-flex e-con-boxed e-con e-parent\" data-id=\"44860cb\" data-element_type=\"container\" data-e-type=\"container\" data-settings=\"{&quot;background_background&quot;:&quot;classic&quot;}\">\n\t\t\t\t\t<div class=\"e-con-inner\">\n\t\t<div class=\"elementor-element elementor-element-32bb097 e-con-full e-flex e-con e-child\" data-id=\"32bb097\" data-element_type=\"container\" data-e-type=\"container\">\n\t\t\t\t<div class=\"elementor-element elementor-element-10dca82 elementor-invisible elementor-widget elementor-widget-html\" data-id=\"10dca82\" data-element_type=\"widget\" data-e-type=\"widget\" data-settings=\"{&quot;_animation&quot;:&quot;zoomIn&quot;}\" data-widget_type=\"html.default\">\n\t\t\t\t\t<style>\r\n    .carousel-container {\r\n    position: relative;\r\n    margin: auto;\r\n    overflow: hidden;\r\n}\r\n\r\n.carousel-slide img {\r\n    \/*width: 100%;*\/\r\n    display: block;\r\n    width: 100%;\r\n}\r\n\r\n\/* Hide the slides by default *\/\r\n.carousel-slide1 {\r\n    display: none;\r\n}\r\n.carousel-slide2 {\r\n    display: none;\r\n}\r\n.carousel-slide3 {\r\n    display: none;\r\n}\r\n\r\n\/* Fade animation *\/\r\n.fade {\r\n    animation-name: fade;\r\n    animation-duration: 1.5s;\r\n}\r\n\r\n@keyframes fade {\r\n    from {opacity: .4}\r\n    to {opacity: 1}\r\n}\r\n<\/style>\r\n\r\n<div class=\"carousel-container\">\r\n    <div class=\"carousel-slide carousel-slide3 fade image-border-custom\">\r\n        <img decoding=\"async\" src=\"https:\/\/auxtrouvaillesdemandeville.org\/wp-content\/uploads\/2026\/01\/IMG_20250531_100714-scaled-e1767475363413.jpg\" alt=\"Photo de l'avant des trouvailles 1\">\r\n    <\/div>\r\n    <div class=\"carousel-slide carousel-slide3 fade image-border-custom\">\r\n        <img decoding=\"async\" src=\"https:\/\/auxtrouvaillesdemandeville.org\/wp-content\/uploads\/2026\/01\/IMG_20250625_114854-scaled-e1767474717262.jpg\" alt=\"Photo de l'avant des trouvailles 2\">\r\n    <\/div>\r\n    <div class=\"carousel-slide carousel-slide3 fade image-border-custom\">\r\n        <img decoding=\"async\" src=\"https:\/\/auxtrouvaillesdemandeville.org\/wp-content\/uploads\/2026\/01\/IMG_1111-scaled-e1767538206549.jpg\" alt=\"Photo des parapluies\">\r\n    <\/div>\r\n<\/div>\r\n\r\n<script>\r\n    let slideIndex3 = 0;\r\nshowSlides3();\r\n\r\nfunction showSlides3() {\r\n    let i;\r\n    let slides = document.getElementsByClassName(\"carousel-slide3\");\r\n    \/\/let dots = document.getElementsByClassName(\"dot\");\r\n\r\n    \/\/ Hide all slides\r\n    for (i = 0; i < slides.length; i++) {\r\n        slides[i].style.display = \"none\";\r\n    }\r\n\r\n    \/\/ Increment index and loop back if needed\r\n    slideIndex3++;\r\n    if (slideIndex3 > slides.length) {slideIndex3 = 1}\r\n\r\n    \/\/ Remove 'active' class from all dots\r\n    \/\/for (i = 0; i < dots.length; i++) {\r\n    \/\/    dots[i].className = dots[i].className\/\/.replace(\" active\", \"\");\r\n    \/\/}\r\n\r\n    \/\/ Display the current slide and mark the corresponding dot as active\r\n    slides[slideIndex3-1].style.display = \"block\";\r\n    \/\/dots[slideIndex-1].className += \" active\";\r\n\r\n    \/\/ Change image every 3 seconds (3000ms)\r\n    setTimeout(showSlides3, 5000);\r\n}\r\n<\/script>\t\t\t\t<\/div>\n\t\t\t\t<\/div>\n\t\t<div class=\"elementor-element elementor-element-9b17a90 e-con-full e-grid e-con e-child\" data-id=\"9b17a90\" data-element_type=\"container\" data-e-type=\"container\">\n\t\t\t\t<div class=\"elementor-element elementor-element-229b54f elementor-invisible elementor-widget elementor-widget-html\" data-id=\"229b54f\" data-element_type=\"widget\" data-e-type=\"widget\" data-settings=\"{&quot;_animation&quot;:&quot;zoomIn&quot;}\" data-widget_type=\"html.default\">\n\t\t\t\t\t\r\n\r\n<div class=\"carousel-container\">\r\n    <div class=\"carousel-slide carousel-slide1 fade image-border-custom\">\r\n        <img decoding=\"async\" src=\"https:\/\/auxtrouvaillesdemandeville.org\/wp-content\/uploads\/2025\/10\/atelier-velo-scaled.jpg\" alt=\"Atelier de v\u00e9lo\">\r\n    <\/div>\r\n    <div class=\"carousel-slide carousel-slide1 fade image-border-custom\">\r\n        <img decoding=\"async\" src=\"https:\/\/auxtrouvaillesdemandeville.org\/wp-content\/uploads\/2026\/01\/camion-2023-4.jpg\" alt=\"Jacques Chalifoux qui fait un pouce en l'air \u00e0 c\u00f4t\u00e9 du nouveau camion\">\r\n    <\/div>\r\n    <div class=\"carousel-slide carousel-slide1 fade image-border-custom\">\r\n        <img decoding=\"async\" src=\"https:\/\/auxtrouvaillesdemandeville.org\/wp-content\/uploads\/2026\/01\/boites-4-3-scaled.jpg\" alt=\"Photo de belles bo\u00eetes\">\r\n        \r\n    <\/div>\r\n    <div class=\"carousel-slide carousel-slide1 fade image-border-custom\">\r\n        <img decoding=\"async\" src=\"https:\/\/auxtrouvaillesdemandeville.org\/wp-content\/uploads\/2026\/01\/IMG_20250704_120910-scaled.jpg\" alt=\"D\u00eener barbecue hot-dog\">\r\n    <\/div>\r\n<\/div>\r\n\r\n<script>\r\n    let slideIndex1 = 0;\r\nshowSlides1();\r\n\r\nfunction showSlides1() {\r\n    let i;\r\n    let slides = document.getElementsByClassName(\"carousel-slide1\");\r\n    \/\/let dots = document.getElementsByClassName(\"dot\");\r\n\r\n    \/\/ Hide all slides\r\n    for (i = 0; i < slides.length; i++) {\r\n        slides[i].style.display = \"none\";\r\n    }\r\n\r\n    \/\/ Increment index and loop back if needed\r\n    slideIndex1++;\r\n    if (slideIndex1 > slides.length) {slideIndex1 = 1}\r\n\r\n    \/\/ Remove 'active' class from all dots\r\n    \/\/for (i = 0; i < dots.length; i++) {\r\n    \/\/    dots[i].className = dots[i].className\/\/.replace(\" active\", \"\");\r\n    \/\/}\r\n\r\n    \/\/ Display the current slide and mark the corresponding dot as active\r\n    slides[slideIndex1-1].style.display = \"block\";\r\n    \/\/dots[slideIndex-1].className += \" active\";\r\n\r\n    \/\/ Change image every 3 seconds (3000ms)\r\n    setTimeout(showSlides1, 5000);\r\n}\r\n<\/script>\t\t\t\t<\/div>\n\t\t\t\t<div class=\"elementor-element elementor-element-9301d69 elementor-invisible elementor-widget elementor-widget-html\" data-id=\"9301d69\" data-element_type=\"widget\" data-e-type=\"widget\" data-settings=\"{&quot;_animation&quot;:&quot;zoomIn&quot;}\" data-widget_type=\"html.default\">\n\t\t\t\t\t<div class=\"carousel-container\">\r\n    <div class=\"carousel-slide carousel-slide2 fade image-border-custom\">\r\n        <img decoding=\"async\" src=\"https:\/\/auxtrouvaillesdemandeville.org\/wp-content\/uploads\/2026\/01\/panneaucotejardin-4-3.jpg\" alt=\"Panneau c\u00f4t\u00e9 jardin\">\r\n    <\/div>\r\n    <div class=\"carousel-slide carousel-slide2 fade image-border-custom\">\r\n        <img decoding=\"async\" src=\"https:\/\/auxtrouvaillesdemandeville.org\/wp-content\/uploads\/2026\/01\/IMG_20250704_122041-scaled.jpg\" alt=\"D\u00eener barbecue gens qui mangent\">\r\n    <\/div>\r\n    <div class=\"carousel-slide carousel-slide2 fade image-border-custom\">\r\n        <img decoding=\"async\" src=\"https:\/\/auxtrouvaillesdemandeville.org\/wp-content\/uploads\/2025\/12\/9f30959d-2cc2-4d45-a78d-7e199fcc662a.jpg\" alt=\"D\u00eeners communautaires\">\r\n        \r\n    <\/div>\r\n    <div class=\"carousel-slide carousel-slide2 fade image-border-custom\">\r\n        <img decoding=\"async\" src=\"https:\/\/auxtrouvaillesdemandeville.org\/wp-content\/uploads\/2026\/01\/IMG_20250810_155048-scaled-e1767301980951.jpg\" alt=\"Photo du bouddha dans le jardin\">\r\n    <\/div>\r\n<\/div>\r\n\r\n<script>\r\n    let slideIndex2 = 0;\r\nshowSlides2();\r\n\r\nfunction showSlides2() {\r\n    let i;\r\n    let slides = document.getElementsByClassName(\"carousel-slide2\");\r\n    \/\/let dots = document.getElementsByClassName(\"dot\");\r\n\r\n    \/\/ Hide all slides\r\n    for (i = 0; i < slides.length; i++) {\r\n        slides[i].style.display = \"none\";\r\n    }\r\n\r\n    \/\/ Increment index and loop back if needed\r\n    slideIndex2++;\r\n    if (slideIndex2 > slides.length) {slideIndex2 = 1}\r\n\r\n    \/\/ Remove 'active' class from all dots\r\n    \/\/for (i = 0; i < dots.length; i++) {\r\n    \/\/    dots[i].className = dots[i].className\/\/.replace(\" active\", \"\");\r\n    \/\/}\r\n\r\n    \/\/ Display the current slide and mark the corresponding dot as active\r\n    slides[slideIndex2-1].style.display = \"block\";\r\n    \/\/dots[slideIndex-1].className += \" active\";\r\n\r\n    \/\/ Change image every 3 seconds (3000ms)\r\n    setTimeout(showSlides2, 5000);\r\n}\r\n<\/script>\t\t\t\t<\/div>\n\t\t\t\t<\/div>\n\t\t\t\t\t<\/div>\n\t\t\t\t<\/div>\n\t\t<div class=\"elementor-element elementor-element-5a8ac9f e-flex e-con-boxed e-con e-parent\" data-id=\"5a8ac9f\" data-element_type=\"container\" data-e-type=\"container\" data-settings=\"{&quot;background_background&quot;:&quot;classic&quot;}\">\n\t\t\t\t\t<div class=\"e-con-inner\">\n\t\t\t\t<div class=\"elementor-element elementor-element-1451e86 elementor-invisible elementor-widget elementor-widget-text-editor\" data-id=\"1451e86\" data-element_type=\"widget\" data-e-type=\"widget\" data-settings=\"{&quot;_animation&quot;:&quot;fadeInUp&quot;}\" data-widget_type=\"text-editor.default\">\n\t\t\t\t\t\t\t\t\t<p><strong>Aux Trouvailles de Mandeville<\/strong> est un organisme communautaire engag\u00e9 dans la lutte contre l\u2019isolement et la pr\u00e9carit\u00e9, tout en contribuant \u00e0 l\u2019am\u00e9lioration des conditions de vie des familles de Mandeville. Notre mission est de fournir un soutien essentiel aux r\u00e9sidents de Mandeville et les environs, en offrant un espace d\u2019\u00e9coute et d\u2019accueil chaleureux.<\/p>\n<p>Nous intervenons principalement dans les domaines de l\u2019aide et de l\u2019\u00e9coute, en mettant \u00e0 disposition des ressources vari\u00e9es pour r\u00e9pondre aux besoins sp\u00e9cifiques de chacun. En outre, nous offrons un soutien pr\u00e9cieux aux familles en les aidant \u00e0 surmonter les difficult\u00e9s auxquelles elles peuvent \u00eatre confront\u00e9es.<\/p>\n<p><strong>Aux Trouvailles de Mandeville<\/strong>&nbsp;croit fermement en l\u2019importance de favoriser l\u2019apprentissage, l\u2019\u00e9panouissement et l\u2019autonomie de nos membres. Notre \u00e9quipe d\u00e9vou\u00e9e met tout en \u0153uvre pour accompagner les personnes dans leur cheminement et les encourager \u00e0 prendre en charge leur propre bien-\u00eatre.<\/p>\n<ul>\n<li>Aide et \u00e9coute : ressources d\u2019aide diverses<\/li>\n<li>Famille : soutien et ressources pour les familles<\/li>\n<\/ul>\n<p>Si vous recherchez un endroit o\u00f9 vous pourrez trouver du soutien, de l\u2019\u00e9coute et des ressources pour vous et votre famille, <strong>Aux Trouvailles de Mandeville<\/strong> est l\u00e0 pour vous. Nous sommes fiers de servir la communaut\u00e9 de Mandeville et de contribuer \u00e0 son \u00e9panouissement. N\u2019h\u00e9sitez pas \u00e0 nous contacter pour en savoir plus sur nos services.<\/p>\t\t\t\t\t\t\t\t<\/div>\n\t\t\t\t\t<\/div>\n\t\t\t\t<\/div>\n\t\t\t\t<\/div>\n\t\t","protected":false},"excerpt":{"rendered":"<p>Notre Mission Aux Trouvailles de Mandeville est un organisme sans but lucratif dont la mission consiste \u00e0 briser l\u2019isolement, combattre l\u2019appauvrissement, am\u00e9liorer les conditions de vie des familles, offrir un lieu d\u2019\u00e9coute et d\u2019accueil aux personnes, favoriser leur apprentissage, leur \u00e9panouissement et stimuler leur prise en charge. Nos Valeurs Nos valeurs sont le respect, l&rsquo;entraide, [&hellip;]<\/p>\n","protected":false},"author":2,"featured_media":0,"parent":0,"menu_order":0,"comment_status":"closed","ping_status":"closed","template":"elementor_theme","meta":{"footnotes":""},"class_list":["post-55","page","type-page","status-publish","hentry"],"_links":{"self":[{"href":"https:\/\/auxtrouvaillesdemandeville.org\/index.php?rest_route=\/wp\/v2\/pages\/55","targetHints":{"allow":["GET"]}}],"collection":[{"href":"https:\/\/auxtrouvaillesdemandeville.org\/index.php?rest_route=\/wp\/v2\/pages"}],"about":[{"href":"https:\/\/auxtrouvaillesdemandeville.org\/index.php?rest_route=\/wp\/v2\/types\/page"}],"author":[{"embeddable":true,"href":"https:\/\/auxtrouvaillesdemandeville.org\/index.php?rest_route=\/wp\/v2\/users\/2"}],"replies":[{"embeddable":true,"href":"https:\/\/auxtrouvaillesdemandeville.org\/index.php?rest_route=%2Fwp%2Fv2%2Fcomments&post=55"}],"version-history":[{"count":406,"href":"https:\/\/auxtrouvaillesdemandeville.org\/index.php?rest_route=\/wp\/v2\/pages\/55\/revisions"}],"predecessor-version":[{"id":3846,"href":"https:\/\/auxtrouvaillesdemandeville.org\/index.php?rest_route=\/wp\/v2\/pages\/55\/revisions\/3846"}],"wp:attachment":[{"href":"https:\/\/auxtrouvaillesdemandeville.org\/index.php?rest_route=%2Fwp%2Fv2%2Fmedia&parent=55"}],"curies":[{"name":"wp","href":"https:\/\/api.w.org\/{rel}","templated":true}]}}