{"id":2226,"date":"2026-01-01T16:33:11","date_gmt":"2026-01-01T21:33:11","guid":{"rendered":"https:\/\/auxtrouvaillesdemandeville.org\/?page_id=2226"},"modified":"2026-04-24T15:45:55","modified_gmt":"2026-04-24T19:45:55","slug":"calendrier-mensuel-des-activites","status":"publish","type":"page","link":"https:\/\/auxtrouvaillesdemandeville.org\/?page_id=2226","title":{"rendered":"Calendrier"},"content":{"rendered":"\t\t<div data-elementor-type=\"wp-page\" data-elementor-id=\"2226\" class=\"elementor elementor-2226\">\n\t\t\t\t<div class=\"elementor-element elementor-element-2743291 e-flex e-con-boxed e-con e-parent\" data-id=\"2743291\" data-element_type=\"container\" data-e-type=\"container\">\n\t\t\t\t\t<div class=\"e-con-inner\">\n\t\t\t\t<div class=\"elementor-element elementor-element-3fef32e elementor-invisible elementor-widget elementor-widget-heading\" data-id=\"3fef32e\" data-element_type=\"widget\" data-e-type=\"widget\" data-settings=\"{&quot;_animation&quot;:&quot;fadeInUp&quot;}\" data-widget_type=\"heading.default\">\n\t\t\t\t\t<h2 class=\"elementor-heading-title elementor-size-default\">Calendrier<\/h2>\t\t\t\t<\/div>\n\t\t\t\t<div class=\"elementor-element elementor-element-0910290 elementor-invisible elementor-widget elementor-widget-text-editor\" data-id=\"0910290\" data-element_type=\"widget\" data-e-type=\"widget\" data-settings=\"{&quot;_animation&quot;:&quot;fadeInUp&quot;}\" data-widget_type=\"text-editor.default\">\n\t\t\t\t\t\t\t\t\t<p>Aux Trouvailles de Mandeville veut offrir un espace qui favorise les rencontres, les \u00e9changes et les apprentissages afin de renforcer les liens sociaux et briser l\u2019isolement dans la communaut\u00e9. Tout au long de l\u2019ann\u00e9e, des activit\u00e9s sont propos\u00e9es gratuitement ou \u00e0 petit prix.<\/p>\t\t\t\t\t\t\t\t<\/div>\n\t\t\t\t\t<\/div>\n\t\t\t\t<\/div>\n\t\t<div class=\"elementor-element elementor-element-5868c25 e-flex e-con-boxed e-con e-parent\" data-id=\"5868c25\" data-element_type=\"container\" data-e-type=\"container\" data-settings=\"{&quot;background_background&quot;:&quot;classic&quot;}\">\n\t\t\t\t\t<div class=\"e-con-inner\">\n\t\t\t\t<div class=\"elementor-element elementor-element-7ad7ecb image-border-custom elementor-invisible elementor-widget elementor-widget-image\" data-id=\"7ad7ecb\" data-element_type=\"widget\" data-e-type=\"widget\" data-settings=\"{&quot;_animation&quot;:&quot;zoomIn&quot;}\" data-widget_type=\"image.default\">\n\t\t\t\t\t\t\t\t\t\t\t\t\t\t\t<img fetchpriority=\"high\" decoding=\"async\" width=\"1024\" height=\"576\" src=\"https:\/\/auxtrouvaillesdemandeville.org\/wp-content\/uploads\/2026\/04\/mai-1024x576.png\" class=\"attachment-large size-large wp-image-3871\" alt=\"\" srcset=\"https:\/\/auxtrouvaillesdemandeville.org\/wp-content\/uploads\/2026\/04\/mai-1024x576.png 1024w, https:\/\/auxtrouvaillesdemandeville.org\/wp-content\/uploads\/2026\/04\/mai-300x169.png 300w, https:\/\/auxtrouvaillesdemandeville.org\/wp-content\/uploads\/2026\/04\/mai-768x432.png 768w, https:\/\/auxtrouvaillesdemandeville.org\/wp-content\/uploads\/2026\/04\/mai-1536x864.png 1536w, https:\/\/auxtrouvaillesdemandeville.org\/wp-content\/uploads\/2026\/04\/mai.png 1920w\" sizes=\"(max-width: 1024px) 100vw, 1024px\" \/>\t\t\t\t\t\t\t\t\t\t\t\t\t\t\t<\/div>\n\t\t\t\t\t<\/div>\n\t\t\t\t<\/div>\n\t\t\t\t<\/div>\n\t\t","protected":false},"excerpt":{"rendered":"<p>Calendrier Aux Trouvailles de Mandeville veut offrir un espace qui favorise les rencontres, les \u00e9changes et les apprentissages afin de renforcer les liens sociaux et briser l\u2019isolement dans la communaut\u00e9. Tout au long de l\u2019ann\u00e9e, des activit\u00e9s sont propos\u00e9es gratuitement ou \u00e0 petit prix.<\/p>\n","protected":false},"author":1,"featured_media":0,"parent":0,"menu_order":0,"comment_status":"closed","ping_status":"closed","template":"","meta":{"footnotes":""},"class_list":["post-2226","page","type-page","status-publish","hentry"],"_links":{"self":[{"href":"https:\/\/auxtrouvaillesdemandeville.org\/index.php?rest_route=\/wp\/v2\/pages\/2226","targetHints":{"allow":["GET"]}}],"collection":[{"href":"https:\/\/auxtrouvaillesdemandeville.org\/index.php?rest_route=\/wp\/v2\/pages"}],"about":[{"href":"https:\/\/auxtrouvaillesdemandeville.org\/index.php?rest_route=\/wp\/v2\/types\/page"}],"author":[{"embeddable":true,"href":"https:\/\/auxtrouvaillesdemandeville.org\/index.php?rest_route=\/wp\/v2\/users\/1"}],"replies":[{"embeddable":true,"href":"https:\/\/auxtrouvaillesdemandeville.org\/index.php?rest_route=%2Fwp%2Fv2%2Fcomments&post=2226"}],"version-history":[{"count":64,"href":"https:\/\/auxtrouvaillesdemandeville.org\/index.php?rest_route=\/wp\/v2\/pages\/2226\/revisions"}],"predecessor-version":[{"id":3874,"href":"https:\/\/auxtrouvaillesdemandeville.org\/index.php?rest_route=\/wp\/v2\/pages\/2226\/revisions\/3874"}],"wp:attachment":[{"href":"https:\/\/auxtrouvaillesdemandeville.org\/index.php?rest_route=%2Fwp%2Fv2%2Fmedia&parent=2226"}],"curies":[{"name":"wp","href":"https:\/\/api.w.org\/{rel}","templated":true}]}}