{"id":1632,"date":"2025-12-31T13:50:50","date_gmt":"2025-12-31T18:50:50","guid":{"rendered":"https:\/\/auxtrouvaillesdemandeville.org\/?page_id=1632"},"modified":"2026-01-03T18:45:17","modified_gmt":"2026-01-03T23:45:17","slug":"frigo-communautaire","status":"publish","type":"page","link":"https:\/\/auxtrouvaillesdemandeville.org\/?page_id=1632","title":{"rendered":"Frigo Communautaire"},"content":{"rendered":"\t\t<div data-elementor-type=\"wp-page\" data-elementor-id=\"1632\" class=\"elementor elementor-1632\">\n\t\t\t\t<div class=\"elementor-element elementor-element-9715e1d e-flex e-con-boxed e-con e-parent\" data-id=\"9715e1d\" data-element_type=\"container\" data-e-type=\"container\">\n\t\t\t\t\t<div class=\"e-con-inner\">\n\t\t\t\t<div class=\"elementor-element elementor-element-546b27b elementor-invisible elementor-widget elementor-widget-heading\" data-id=\"546b27b\" data-element_type=\"widget\" data-e-type=\"widget\" data-settings=\"{&quot;_animation&quot;:&quot;fadeInUp&quot;}\" data-widget_type=\"heading.default\">\n\t\t\t\t\t<h2 class=\"elementor-heading-title elementor-size-default\">Frigo Communautaire<\/h2>\t\t\t\t<\/div>\n\t\t\t\t<div class=\"elementor-element elementor-element-70c8ed8 elementor-invisible elementor-widget elementor-widget-text-editor\" data-id=\"70c8ed8\" data-element_type=\"widget\" data-e-type=\"widget\" data-settings=\"{&quot;_animation&quot;:&quot;fadeInUp&quot;}\" data-widget_type=\"text-editor.default\">\n\t\t\t\t\t\t\t\t\t<p>Notre organisme met \u00e0 votre disposition un frigo communautaire et partage ses surplus. L\u2019id\u00e9e est simple : mettre \u00e0 disposition nos surplus et vous permettre d&rsquo;y placer les l\u00e9gumes de votre jardin. Ensemble, nous r\u00e9duisons le gaspillage alimentaire et favorisons l\u2019entraide. Chaque geste compte pour nourrir notre village et b\u00e2tir une communaut\u00e9 plus durable.<\/p>\t\t\t\t\t\t\t\t<\/div>\n\t\t\t\t\t<\/div>\n\t\t\t\t<\/div>\n\t\t<div class=\"elementor-element elementor-element-68d7a25 e-grid e-con-boxed e-con e-parent\" data-id=\"68d7a25\" data-element_type=\"container\" data-e-type=\"container\" data-settings=\"{&quot;background_background&quot;:&quot;classic&quot;}\">\n\t\t\t\t\t<div class=\"e-con-inner\">\n\t\t\t\t<div class=\"elementor-element elementor-element-8f27dcc image-border-custom elementor-invisible elementor-widget elementor-widget-image\" data-id=\"8f27dcc\" data-element_type=\"widget\" data-e-type=\"widget\" data-settings=\"{&quot;_animation&quot;:&quot;zoomIn&quot;}\" data-widget_type=\"image.default\">\n\t\t\t\t\t\t\t\t\t\t\t\t\t\t\t<img fetchpriority=\"high\" decoding=\"async\" width=\"768\" height=\"1024\" src=\"https:\/\/auxtrouvaillesdemandeville.org\/wp-content\/uploads\/2025\/12\/IMG_20220811_094307-768x1024.jpg\" class=\"attachment-large size-large wp-image-1646\" alt=\"\" srcset=\"https:\/\/auxtrouvaillesdemandeville.org\/wp-content\/uploads\/2025\/12\/IMG_20220811_094307-768x1024.jpg 768w, https:\/\/auxtrouvaillesdemandeville.org\/wp-content\/uploads\/2025\/12\/IMG_20220811_094307-225x300.jpg 225w, https:\/\/auxtrouvaillesdemandeville.org\/wp-content\/uploads\/2025\/12\/IMG_20220811_094307-1152x1536.jpg 1152w, https:\/\/auxtrouvaillesdemandeville.org\/wp-content\/uploads\/2025\/12\/IMG_20220811_094307-1536x2048.jpg 1536w, https:\/\/auxtrouvaillesdemandeville.org\/wp-content\/uploads\/2025\/12\/IMG_20220811_094307-scaled.jpg 1920w\" sizes=\"(max-width: 768px) 100vw, 768px\" \/>\t\t\t\t\t\t\t\t\t\t\t\t\t\t\t<\/div>\n\t\t\t\t<div class=\"elementor-element elementor-element-b07458d image-border-custom elementor-invisible elementor-widget elementor-widget-image\" data-id=\"b07458d\" data-element_type=\"widget\" data-e-type=\"widget\" data-settings=\"{&quot;_animation&quot;:&quot;zoomIn&quot;}\" data-widget_type=\"image.default\">\n\t\t\t\t\t\t\t\t\t\t\t\t\t\t\t<img decoding=\"async\" width=\"768\" height=\"1024\" src=\"https:\/\/auxtrouvaillesdemandeville.org\/wp-content\/uploads\/2025\/12\/IMG_20220809_153632-768x1024.jpg\" class=\"attachment-large size-large wp-image-1645\" alt=\"\" srcset=\"https:\/\/auxtrouvaillesdemandeville.org\/wp-content\/uploads\/2025\/12\/IMG_20220809_153632-768x1024.jpg 768w, https:\/\/auxtrouvaillesdemandeville.org\/wp-content\/uploads\/2025\/12\/IMG_20220809_153632-225x300.jpg 225w, https:\/\/auxtrouvaillesdemandeville.org\/wp-content\/uploads\/2025\/12\/IMG_20220809_153632-1152x1536.jpg 1152w, https:\/\/auxtrouvaillesdemandeville.org\/wp-content\/uploads\/2025\/12\/IMG_20220809_153632-1536x2048.jpg 1536w, https:\/\/auxtrouvaillesdemandeville.org\/wp-content\/uploads\/2025\/12\/IMG_20220809_153632-scaled.jpg 1920w\" sizes=\"(max-width: 768px) 100vw, 768px\" \/>\t\t\t\t\t\t\t\t\t\t\t\t\t\t\t<\/div>\n\t\t\t\t<div class=\"elementor-element elementor-element-2008967 image-border-custom elementor-invisible elementor-widget elementor-widget-image\" data-id=\"2008967\" data-element_type=\"widget\" data-e-type=\"widget\" data-settings=\"{&quot;_animation&quot;:&quot;zoomIn&quot;}\" data-widget_type=\"image.default\">\n\t\t\t\t\t\t\t\t\t\t\t\t\t\t\t<img decoding=\"async\" width=\"768\" height=\"1024\" src=\"https:\/\/auxtrouvaillesdemandeville.org\/wp-content\/uploads\/2025\/12\/IMG_20251231_145002_347-3-4-768x1024.jpg\" class=\"attachment-large size-large wp-image-1751\" alt=\"\" srcset=\"https:\/\/auxtrouvaillesdemandeville.org\/wp-content\/uploads\/2025\/12\/IMG_20251231_145002_347-3-4-768x1024.jpg 768w, https:\/\/auxtrouvaillesdemandeville.org\/wp-content\/uploads\/2025\/12\/IMG_20251231_145002_347-3-4-225x300.jpg 225w, https:\/\/auxtrouvaillesdemandeville.org\/wp-content\/uploads\/2025\/12\/IMG_20251231_145002_347-3-4.jpg 1080w\" sizes=\"(max-width: 768px) 100vw, 768px\" \/>\t\t\t\t\t\t\t\t\t\t\t\t\t\t\t<\/div>\n\t\t\t\t\t<\/div>\n\t\t\t\t<\/div>\n\t\t\t\t<\/div>\n\t\t","protected":false},"excerpt":{"rendered":"<p>Frigo Communautaire Notre organisme met \u00e0 votre disposition un frigo communautaire et partage ses surplus. L\u2019id\u00e9e est simple : mettre \u00e0 disposition nos surplus et vous permettre d&rsquo;y placer les l\u00e9gumes de votre jardin. Ensemble, nous r\u00e9duisons le gaspillage alimentaire et favorisons l\u2019entraide. Chaque geste compte pour nourrir notre village et b\u00e2tir une communaut\u00e9 plus [&hellip;]<\/p>\n","protected":false},"author":1,"featured_media":0,"parent":0,"menu_order":0,"comment_status":"closed","ping_status":"closed","template":"","meta":{"footnotes":""},"class_list":["post-1632","page","type-page","status-publish","hentry"],"_links":{"self":[{"href":"https:\/\/auxtrouvaillesdemandeville.org\/index.php?rest_route=\/wp\/v2\/pages\/1632","targetHints":{"allow":["GET"]}}],"collection":[{"href":"https:\/\/auxtrouvaillesdemandeville.org\/index.php?rest_route=\/wp\/v2\/pages"}],"about":[{"href":"https:\/\/auxtrouvaillesdemandeville.org\/index.php?rest_route=\/wp\/v2\/types\/page"}],"author":[{"embeddable":true,"href":"https:\/\/auxtrouvaillesdemandeville.org\/index.php?rest_route=\/wp\/v2\/users\/1"}],"replies":[{"embeddable":true,"href":"https:\/\/auxtrouvaillesdemandeville.org\/index.php?rest_route=%2Fwp%2Fv2%2Fcomments&post=1632"}],"version-history":[{"count":148,"href":"https:\/\/auxtrouvaillesdemandeville.org\/index.php?rest_route=\/wp\/v2\/pages\/1632\/revisions"}],"predecessor-version":[{"id":3525,"href":"https:\/\/auxtrouvaillesdemandeville.org\/index.php?rest_route=\/wp\/v2\/pages\/1632\/revisions\/3525"}],"wp:attachment":[{"href":"https:\/\/auxtrouvaillesdemandeville.org\/index.php?rest_route=%2Fwp%2Fv2%2Fmedia&parent=1632"}],"curies":[{"name":"wp","href":"https:\/\/api.w.org\/{rel}","templated":true}]}}