{"id":142,"date":"2025-10-30T09:59:21","date_gmt":"2025-10-30T13:59:21","guid":{"rendered":"https:\/\/auxtrouvaillesdemandeville.org\/?page_id=142"},"modified":"2026-01-03T15:26:32","modified_gmt":"2026-01-03T20:26:32","slug":"contact","status":"publish","type":"page","link":"https:\/\/auxtrouvaillesdemandeville.org\/?page_id=142","title":{"rendered":"Nous Joindre"},"content":{"rendered":"\t\t<div data-elementor-type=\"wp-page\" data-elementor-id=\"142\" class=\"elementor elementor-142\">\n\t\t\t\t<div class=\"elementor-element elementor-element-2ea166c e-flex e-con-boxed e-con e-parent\" data-id=\"2ea166c\" data-element_type=\"container\" data-e-type=\"container\">\n\t\t\t\t\t<div class=\"e-con-inner\">\n\t\t\t\t<div class=\"elementor-element elementor-element-bd9ffb8 elementor-invisible elementor-widget elementor-widget-heading\" data-id=\"bd9ffb8\" data-element_type=\"widget\" data-e-type=\"widget\" data-settings=\"{&quot;_animation&quot;:&quot;fadeInUp&quot;}\" data-widget_type=\"heading.default\">\n\t\t\t\t\t<h2 class=\"elementor-heading-title elementor-size-default\">Nous Joindre<\/h2>\t\t\t\t<\/div>\n\t\t<div class=\"elementor-element elementor-element-37d4368 e-grid e-con-full e-con e-child\" data-id=\"37d4368\" data-element_type=\"container\" data-e-type=\"container\">\n\t\t\t\t<div class=\"elementor-element elementor-element-676a05a not-on-mobile elementor-invisible elementor-widget elementor-widget-image\" data-id=\"676a05a\" data-element_type=\"widget\" data-e-type=\"widget\" data-settings=\"{&quot;_animation&quot;:&quot;zoomIn&quot;}\" data-widget_type=\"image.default\">\n\t\t\t\t\t\t\t\t\t\t\t\t\t\t\t<img decoding=\"async\" src=\"https:\/\/auxtrouvaillesdemandeville.org\/wp-content\/uploads\/2025\/12\/cropped-Logo-Trouvailles-RGB.png\" title=\"\" alt=\"\" loading=\"lazy\" \/>\t\t\t\t\t\t\t\t\t\t\t\t\t\t\t<\/div>\n\t\t\t\t<div class=\"elementor-element elementor-element-bae7bba elementor-invisible elementor-widget elementor-widget-html\" data-id=\"bae7bba\" data-element_type=\"widget\" data-e-type=\"widget\" data-settings=\"{&quot;_animation&quot;:&quot;zoomIn&quot;}\" data-widget_type=\"html.default\">\n\t\t\t\t\t<p class=\"contact-card\"><strong>Aux Trouvailles de Mandeville<\/strong><br>\r\n80 rue Saint-Charles-Borrom\u00e9e<br>\r\nMandeville, QC J0K 1L0<br>\r\nT\u00e9l :\u00a0<a href=\"tel:4508357207\">450-835-7207<\/a><br>\r\nCourriel : <a href=\"mailto:aux_trouvailles@hotmail.com\">aux_trouvailles@hotmail.com<\/a><\/p>\t\t\t\t<\/div>\n\t\t\t\t<div class=\"elementor-element elementor-element-7f4c69e not-on-mobile elementor-invisible elementor-widget elementor-widget-image\" data-id=\"7f4c69e\" data-element_type=\"widget\" data-e-type=\"widget\" data-settings=\"{&quot;_animation&quot;:&quot;zoomIn&quot;}\" data-widget_type=\"image.default\">\n\t\t\t\t\t\t\t\t\t\t\t\t\t\t\t<img decoding=\"async\" src=\"https:\/\/auxtrouvaillesdemandeville.org\/wp-content\/uploads\/2025\/12\/cropped-Logo-Trouvailles-RGB.png\" title=\"\" alt=\"\" loading=\"lazy\" \/>\t\t\t\t\t\t\t\t\t\t\t\t\t\t\t<\/div>\n\t\t\t\t<div class=\"elementor-element elementor-element-4291fab elementor-invisible elementor-widget elementor-widget-html\" data-id=\"4291fab\" data-element_type=\"widget\" data-e-type=\"widget\" data-settings=\"{&quot;_animation&quot;:&quot;zoomIn&quot;}\" data-widget_type=\"html.default\">\n\t\t\t\t\t<p class=\"contact-card\"><strong>Isabelle Campion<\/strong><br> Coordonnatrice<br>\r\nDu lundi au vendredi de 9h00 \u00e0 16h30<br>\r\nT\u00e9l : <a href=\"tel:4508357207\">450-835-7207<\/a><br>\r\nCourriel : <a href=\"mailto:aux_trouvailles@hotmail.com\">aux_trouvailles@hotmail.com<\/a><\/p>\t\t\t\t<\/div>\n\t\t\t\t<div class=\"elementor-element elementor-element-c5cbc74 elementor-invisible elementor-widget elementor-widget-html\" data-id=\"c5cbc74\" data-element_type=\"widget\" data-e-type=\"widget\" data-settings=\"{&quot;_animation&quot;:&quot;zoomIn&quot;}\" data-widget_type=\"html.default\">\n\t\t\t\t\t<p class=\"contact-card\"><strong>Magasin<\/strong><br>Du Lundi au Vendredi de 10h00 \u00e0 16h30<br>Du Samedi au Dimanche de 10h00 \u00e0 15h00<br>T\u00e9l : <a href=\"tel:4508357207\">450-835-7207<\/a><br>&nbsp;<\/p>\t\t\t\t<\/div>\n\t\t\t\t<div class=\"elementor-element elementor-element-feab8e9 elementor-invisible elementor-widget elementor-widget-html\" data-id=\"feab8e9\" data-element_type=\"widget\" data-e-type=\"widget\" data-settings=\"{&quot;_animation&quot;:&quot;zoomIn&quot;}\" data-widget_type=\"html.default\">\n\t\t\t\t\t<p class=\"contact-card\"><strong>Christine Hauvespre<\/strong><br> Responsable des activit\u00e9es<br>\r\nDu Mercredi au Vendredi de 9h00 \u00e0 16h30<br>\r\nT\u00e9l :\u00a0<a href=\"tel:4508357207\">450-835-7207<\/a><br>\r\nCourriel : <a href=\"mailto:activites_trouvailles@outlook.com\">activites_trouvailles@outlook.com<\/a><\/p>\t\t\t\t<\/div>\n\t\t\t\t<\/div>\n\t\t\t\t\t<\/div>\n\t\t\t\t<\/div>\n\t\t\t\t<\/div>\n\t\t","protected":false},"excerpt":{"rendered":"<p>Nous Joindre Aux Trouvailles de Mandeville 80 rue Saint-Charles-Borrom\u00e9e Mandeville, QC J0K 1L0 T\u00e9l :\u00a0450-835-7207 Courriel : aux_trouvailles@hotmail.com Isabelle Campion Coordonnatrice Du lundi au vendredi de 9h00 \u00e0 16h30 T\u00e9l : 450-835-7207 Courriel : aux_trouvailles@hotmail.com MagasinDu Lundi au Vendredi de 10h00 \u00e0 16h30Du Samedi au Dimanche de 10h00 \u00e0 15h00T\u00e9l : 450-835-7207&nbsp; Christine Hauvespre Responsable [&hellip;]<\/p>\n","protected":false},"author":2,"featured_media":0,"parent":0,"menu_order":0,"comment_status":"closed","ping_status":"closed","template":"","meta":{"footnotes":""},"class_list":["post-142","page","type-page","status-publish","hentry"],"_links":{"self":[{"href":"https:\/\/auxtrouvaillesdemandeville.org\/index.php?rest_route=\/wp\/v2\/pages\/142","targetHints":{"allow":["GET"]}}],"collection":[{"href":"https:\/\/auxtrouvaillesdemandeville.org\/index.php?rest_route=\/wp\/v2\/pages"}],"about":[{"href":"https:\/\/auxtrouvaillesdemandeville.org\/index.php?rest_route=\/wp\/v2\/types\/page"}],"author":[{"embeddable":true,"href":"https:\/\/auxtrouvaillesdemandeville.org\/index.php?rest_route=\/wp\/v2\/users\/2"}],"replies":[{"embeddable":true,"href":"https:\/\/auxtrouvaillesdemandeville.org\/index.php?rest_route=%2Fwp%2Fv2%2Fcomments&post=142"}],"version-history":[{"count":142,"href":"https:\/\/auxtrouvaillesdemandeville.org\/index.php?rest_route=\/wp\/v2\/pages\/142\/revisions"}],"predecessor-version":[{"id":3364,"href":"https:\/\/auxtrouvaillesdemandeville.org\/index.php?rest_route=\/wp\/v2\/pages\/142\/revisions\/3364"}],"wp:attachment":[{"href":"https:\/\/auxtrouvaillesdemandeville.org\/index.php?rest_route=%2Fwp%2Fv2%2Fmedia&parent=142"}],"curies":[{"name":"wp","href":"https:\/\/api.w.org\/{rel}","templated":true}]}}